{"id":101,"date":"2021-11-06T14:42:37","date_gmt":"2021-11-06T14:42:37","guid":{"rendered":"https:\/\/www.latruitehouffalize.be\/?page_id=101"},"modified":"2026-02-14T11:23:10","modified_gmt":"2026-02-14T10:23:10","slug":"liens","status":"publish","type":"page","link":"https:\/\/www.latruitehouffalize.be\/fr\/liens\/","title":{"rendered":"Liens &#038; Sponsors"},"content":{"rendered":"<p>[et_pb_section fb_built=\u00a0\u00bb1&Prime; custom_padding_last_edited=\u00a0\u00bbon|phone\u00a0\u00bb _builder_version=\u00a0\u00bb4.16&Prime; _module_preset=\u00a0\u00bbdefault\u00a0\u00bb background_color=\u00a0\u00bbRGBA(0,0,0,0)\u00a0\u00bb background_image=\u00a0\u00bbhttps:\/\/www.latruitehouffalize.be\/wp-content\/uploads\/2021\/11\/liens-fond.png\u00a0\u00bb custom_padding=\u00a0\u00bb11px||117px||false|\u00a0\u00bb custom_padding_tablet=\u00a0\u00bb75px||75px||false|false\u00a0\u00bb custom_padding_phone=\u00a0\u00bb50px||50px||false|false\u00a0\u00bb global_colors_info=\u00a0\u00bb{}\u00a0\u00bb][et_pb_row column_structure=\u00a0\u00bb1_2,1_2&Prime; custom_padding_last_edited=\u00a0\u00bbon|phone\u00a0\u00bb _builder_version=\u00a0\u00bb4.16&Prime; _module_preset=\u00a0\u00bbdefault\u00a0\u00bb min_height=\u00a0\u00bb187px\u00a0\u00bb custom_padding=\u00a0\u00bb172px|||||\u00a0\u00bb custom_padding_tablet=\u00a0\u00bb28px||||false|false\u00a0\u00bb custom_padding_phone=\u00a0\u00bb28px||||false|false\u00a0\u00bb global_colors_info=\u00a0\u00bb{}\u00a0\u00bb][et_pb_column type=\u00a0\u00bb1_2&Prime; _builder_version=\u00a0\u00bb4.16&Prime; _module_preset=\u00a0\u00bbdefault\u00a0\u00bb global_colors_info=\u00a0\u00bb{}\u00a0\u00bb][\/et_pb_column][et_pb_column type=\u00a0\u00bb1_2&Prime; _builder_version=\u00a0\u00bb4.16&Prime; _module_preset=\u00a0\u00bbdefault\u00a0\u00bb global_colors_info=\u00a0\u00bb{}\u00a0\u00bb][et_pb_text quote_border_color=\u00a0\u00bb#FFFFFF\u00a0\u00bb _builder_version=\u00a0\u00bb4.16&Prime; _module_preset=\u00a0\u00bbdefault\u00a0\u00bb text_font=\u00a0\u00bb|700|||||||\u00a0\u00bb text_text_color=\u00a0\u00bb#EC1C00&Prime; text_font_size=\u00a0\u00bb15px\u00a0\u00bb header_font=\u00a0\u00bb|800||on|||||\u00a0\u00bb header_text_align=\u00a0\u00bbcenter\u00a0\u00bb header_font_size=\u00a0\u00bb60px\u00a0\u00bb header_2_font=\u00a0\u00bb|300|||||||\u00a0\u00bb header_2_text_align=\u00a0\u00bbcenter\u00a0\u00bb header_2_text_color=\u00a0\u00bb#FFFFFF\u00a0\u00bb header_2_font_size=\u00a0\u00bb60px\u00a0\u00bb header_3_font_size=\u00a0\u00bb1px\u00a0\u00bb header_3_letter_spacing=\u00a0\u00bb2px\u00a0\u00bb header_3_line_height=\u00a0\u00bb1.5em\u00a0\u00bb width=\u00a0\u00bb92.9%\u00a0\u00bb width_tablet=\u00a0\u00bb100%\u00a0\u00bb width_phone=\u00a0\u00bb100%\u00a0\u00bb width_last_edited=\u00a0\u00bbon|tablet\u00a0\u00bb custom_margin=\u00a0\u00bb|82px||||\u00a0\u00bb custom_margin_tablet=\u00a0\u00bb|0px|||false|false\u00a0\u00bb custom_margin_phone=\u00a0\u00bb|0px|||false|false\u00a0\u00bb custom_margin_last_edited=\u00a0\u00bbon|tablet\u00a0\u00bb custom_padding=\u00a0\u00bb3px|0px||||\u00a0\u00bb header_font_size_tablet=\u00a0\u00bb60px\u00a0\u00bb header_font_size_phone=\u00a0\u00bb32px\u00a0\u00bb header_font_size_last_edited=\u00a0\u00bbon|tablet\u00a0\u00bb header_2_font_size_tablet=\u00a0\u00bb60px\u00a0\u00bb header_2_font_size_phone=\u00a0\u00bb32px\u00a0\u00bb header_2_font_size_last_edited=\u00a0\u00bbon|phone\u00a0\u00bb locked=\u00a0\u00bboff\u00a0\u00bb inline_fonts=\u00a0\u00bbLato\u00a0\u00bb global_colors_info=\u00a0\u00bb{}\u00a0\u00bb]<\/p>\n<h2>Liens &amp;<\/h2>\n<h1><span style=\"color: #ffffff; font-weight: 800;\">Sponsors<\/span><\/h1>\n<p>&nbsp;[\/et_pb_text][\/et_pb_column][\/et_pb_row][\/et_pb_section][et_pb_section fb_built=\u00a0\u00bb1&Prime; _builder_version=\u00a0\u00bb4.16&Prime; _module_preset=\u00a0\u00bbdefault\u00a0\u00bb overflow-x=\u00a0\u00bbhidden\u00a0\u00bb overflow-y=\u00a0\u00bbhidden\u00a0\u00bb custom_padding=\u00a0\u00bb0px||0px|||\u00a0\u00bb global_colors_info=\u00a0\u00bb{}\u00a0\u00bb][et_pb_row _builder_version=\u00a0\u00bb4.16&Prime; _module_preset=\u00a0\u00bbdefault\u00a0\u00bb background_color=\u00a0\u00bb#FFFFFF\u00a0\u00bb width=\u00a0\u00bb100%\u00a0\u00bb max_width=\u00a0\u00bb100%\u00a0\u00bb module_alignment=\u00a0\u00bbcenter\u00a0\u00bb custom_margin=\u00a0\u00bb0px|auto||auto|false|false\u00a0\u00bb custom_padding=\u00a0\u00bb0px||0px|||\u00a0\u00bb global_colors_info=\u00a0\u00bb{}\u00a0\u00bb][et_pb_column type=\u00a0\u00bb4_4&Prime; _builder_version=\u00a0\u00bb4.16&Prime; _module_preset=\u00a0\u00bbdefault\u00a0\u00bb custom_padding=\u00a0\u00bb60px||0px||false|false\u00a0\u00bb global_colors_info=\u00a0\u00bb{}\u00a0\u00bb][et_pb_image src=\u00a0\u00bbhttps:\/\/www.latruitehouffalize.be\/wp-content\/uploads\/2021\/11\/liens-logo.png\u00a0\u00bb title_text=\u00a0\u00bbliens-logo\u00a0\u00bb align=\u00a0\u00bbcenter\u00a0\u00bb align_tablet=\u00a0\u00bbcenter\u00a0\u00bb align_phone=\u00a0\u00bbcenter\u00a0\u00bb align_last_edited=\u00a0\u00bbon|tablet\u00a0\u00bb _builder_version=\u00a0\u00bb4.16&Prime; _module_preset=\u00a0\u00bbdefault\u00a0\u00bb width=\u00a0\u00bb100%\u00a0\u00bb width_tablet=\u00a0\u00bb100%\u00a0\u00bb width_phone=\u00a0\u00bb100%\u00a0\u00bb width_last_edited=\u00a0\u00bbon|desktop\u00a0\u00bb module_alignment=\u00a0\u00bbcenter\u00a0\u00bb custom_margin=\u00a0\u00bb||0px|0px|false|false\u00a0\u00bb global_colors_info=\u00a0\u00bb{}\u00a0\u00bb][\/et_pb_image][et_pb_text _builder_version=\u00a0\u00bb4.16&Prime; _module_preset=\u00a0\u00bbdefault\u00a0\u00bb text_font=\u00a0\u00bb||||||||\u00a0\u00bb header_3_font=\u00a0\u00bb|800||on|||||\u00a0\u00bb header_3_text_color=\u00a0\u00bb#EC1C24&Prime; header_3_letter_spacing=\u00a0\u00bb2px\u00a0\u00bb header_4_text_color=\u00a0\u00bb#EC1C24&Prime; header_4_font_size=\u00a0\u00bb23px\u00a0\u00bb header_4_letter_spacing=\u00a0\u00bb2px\u00a0\u00bb header_5_font=\u00a0\u00bb|600|||||||\u00a0\u00bb header_5_text_color=\u00a0\u00bb#000000&Prime; header_5_font_size=\u00a0\u00bb14px\u00a0\u00bb text_orientation=\u00a0\u00bbcenter\u00a0\u00bb width=\u00a0\u00bb40%\u00a0\u00bb width_tablet=\u00a0\u00bb100%\u00a0\u00bb width_phone=\u00a0\u00bb100%\u00a0\u00bb width_last_edited=\u00a0\u00bbon|tablet\u00a0\u00bb module_alignment=\u00a0\u00bbcenter\u00a0\u00bb custom_padding=\u00a0\u00bb9px||9px||true|false\u00a0\u00bb locked=\u00a0\u00bboff\u00a0\u00bb global_colors_info=\u00a0\u00bb{}\u00a0\u00bb]<\/p>\n<h3><span style=\"color: #005852;\">Liens et Sponsors<\/span><\/h3>\n<div style=\"width: 15px; height: 1px; margin: 7px auto 20px auto; background: #ec1c24;\"><\/div>\n<h5><\/h5>\n<h5><\/h5>\n<h5><\/h5>\n<h5>MERCI A TOUS NOS SPONSORS POUR LEUR GENEROSITE ET LEUR FIDELITE\u00a0<\/h5>\n<h5><\/h5>\n<h5><\/h5>\n<h5>P\u00eacheurs, s\u2019il vous pla\u00eet, faites-vous conna\u00eetre aupr\u00e8s des commer\u00e7ants et sponsors en leur signalant que vous \u00eates p\u00eacheurs.<\/h5>\n<p><span style=\"color: #ec1c24;\">Ceci nous aidera \u00e0 trouver de nouveaux sponsors et\/ou conserver de bonnes relations avec nos sponsors actuels.<\/span><\/p>\n<p>&nbsp;<\/p>\n<p>[\/et_pb_text][\/et_pb_column][\/et_pb_row][\/et_pb_section][et_pb_section fb_built=\u00a0\u00bb1&Prime; theme_builder_area=\u00a0\u00bbpost_content\u00a0\u00bb _builder_version=\u00a0\u00bb4.27.5&Prime; _module_preset=\u00a0\u00bbdefault\u00a0\u00bb hover_enabled=\u00a0\u00bb0&Prime; sticky_enabled=\u00a0\u00bb0&Prime;][et_pb_row _builder_version=\u00a0\u00bb4.27.5&Prime; _module_preset=\u00a0\u00bbdefault\u00a0\u00bb width=\u00a0\u00bb100%\u00a0\u00bb max_width=\u00a0\u00bb2560px\u00a0\u00bb saved_tabs=\u00a0\u00bball\u00a0\u00bb global_colors_info=\u00a0\u00bb{}\u00a0\u00bb global_module=\u00a0\u00bb1215&Prime; theme_builder_area=\u00a0\u00bbpost_content\u00a0\u00bb][et_pb_column type=\u00a0\u00bb4_4&Prime; _builder_version=\u00a0\u00bb4.27.5&Prime; _module_preset=\u00a0\u00bbdefault\u00a0\u00bb global_colors_info=\u00a0\u00bb{}\u00a0\u00bb theme_builder_area=\u00a0\u00bbpost_content\u00a0\u00bb][divi8_logo_carousel divi8_sliderperview=\u00a0\u00bb6&Prime; divi8_slider_autoplaydelay=\u00a0\u00bb1500&Prime; divi8_ticker=\u00a0\u00bboff\u00a0\u00bb divi8_nav_show_hide=\u00a0\u00bboff\u00a0\u00bb divi8_arrow_icon_show_hide=\u00a0\u00bbon\u00a0\u00bb divi8_left_icon=\u00a0\u00bb&#x44;||divi||400&Prime; divi8_right_icon=\u00a0\u00bb&#x45;||divi||400&Prime; divi8_arrow_position_vertical=\u00a0\u00bbbottom\u00a0\u00bb divi8_icon_size=\u00a0\u00bb30&Prime; divi8_arrow_padding=\u00a0\u00bb1&Prime; divi8_arrow_padding_hover=\u00a0\u00bb1&Prime; divi8_arrow_border_radius=\u00a0\u00bb1&Prime; divi8_arrow_color=\u00a0\u00bb#EC1C24&Prime; divi8_arrow_color_hover=\u00a0\u00bb#8300E9&Prime; divi8_arrow_background=\u00a0\u00bbRGBA(255,255,255,0)\u00a0\u00bb divi8_arrow_background_hover=\u00a0\u00bbRGBA(255,255,255,0)\u00a0\u00bb divi8_sliderperview_tablet=\u00a0\u00bb5&Prime; divi8_sliderperview_phone=\u00a0\u00bb3&Prime; divi8_sliderperview_last_edited=\u00a0\u00bbon|desktop\u00a0\u00bb _builder_version=\u00a0\u00bb4.27.5&Prime; _module_preset=\u00a0\u00bbdefault\u00a0\u00bb global_colors_info=\u00a0\u00bb{}\u00a0\u00bb theme_builder_area=\u00a0\u00bbpost_content\u00a0\u00bb][divi8_logo_carousel_item img=\u00a0\u00bbhttps:\/\/www.latruitehouffalize.be\/wp-content\/uploads\/2026\/02\/LogoVayamundo_Houffalize_Blue.png\u00a0\u00bb _builder_version=\u00a0\u00bb4.27.5&Prime; _module_preset=\u00a0\u00bbdefault\u00a0\u00bb global_colors_info=\u00a0\u00bb{}\u00a0\u00bb theme_builder_area=\u00a0\u00bbpost_content\u00a0\u00bb][\/divi8_logo_carousel_item][divi8_logo_carousel_item img=\u00a0\u00bbhttps:\/\/www.latruitehouffalize.be\/wp-content\/uploads\/2026\/02\/Les-3-Passerelles.png\u00a0\u00bb _builder_version=\u00a0\u00bb4.27.5&Prime; _module_preset=\u00a0\u00bbdefault\u00a0\u00bb global_colors_info=\u00a0\u00bb{}\u00a0\u00bb theme_builder_area=\u00a0\u00bbpost_content\u00a0\u00bb][\/divi8_logo_carousel_item][divi8_logo_carousel_item img=\u00a0\u00bbhttps:\/\/www.latruitehouffalize.be\/wp-content\/uploads\/2026\/02\/coccinelle.png\u00a0\u00bb _builder_version=\u00a0\u00bb4.27.5&Prime; _module_preset=\u00a0\u00bbdefault\u00a0\u00bb global_colors_info=\u00a0\u00bb{}\u00a0\u00bb theme_builder_area=\u00a0\u00bbpost_content\u00a0\u00bb][\/divi8_logo_carousel_item][divi8_logo_carousel_item img=\u00a0\u00bbhttps:\/\/www.latruitehouffalize.be\/wp-content\/uploads\/2026\/02\/Chez-Leon-1.jpg\u00a0\u00bb _builder_version=\u00a0\u00bb4.27.5&Prime; _module_preset=\u00a0\u00bbdefault\u00a0\u00bb global_colors_info=\u00a0\u00bb{}\u00a0\u00bb theme_builder_area=\u00a0\u00bbpost_content\u00a0\u00bb][\/divi8_logo_carousel_item][divi8_logo_carousel_item img=\u00a0\u00bbhttps:\/\/www.latruitehouffalize.be\/wp-content\/uploads\/2026\/02\/Valentine-1.jpg\u00a0\u00bb _builder_version=\u00a0\u00bb4.27.5&Prime; _module_preset=\u00a0\u00bbdefault\u00a0\u00bb global_colors_info=\u00a0\u00bb{}\u00a0\u00bb theme_builder_area=\u00a0\u00bbpost_content\u00a0\u00bb][\/divi8_logo_carousel_item][divi8_logo_carousel_item img=\u00a0\u00bbhttps:\/\/www.latruitehouffalize.be\/wp-content\/uploads\/2026\/02\/Collard-1.jpg\u00a0\u00bb _builder_version=\u00a0\u00bb4.27.5&Prime; _module_preset=\u00a0\u00bbdefault\u00a0\u00bb global_colors_info=\u00a0\u00bb{}\u00a0\u00bb theme_builder_area=\u00a0\u00bbpost_content\u00a0\u00bb][\/divi8_logo_carousel_item][divi8_logo_carousel_item img=\u00a0\u00bbhttps:\/\/www.latruitehouffalize.be\/wp-content\/uploads\/2026\/02\/Cabanes-de-rensiwez-photo-2.jpg\u00a0\u00bb _builder_version=\u00a0\u00bb4.27.5&Prime; _module_preset=\u00a0\u00bbdefault\u00a0\u00bb global_colors_info=\u00a0\u00bb{}\u00a0\u00bb theme_builder_area=\u00a0\u00bbpost_content\u00a0\u00bb][\/divi8_logo_carousel_item][divi8_logo_carousel_item img=\u00a0\u00bbhttps:\/\/www.latruitehouffalize.be\/wp-content\/uploads\/2026\/02\/JMGrogna_pub-1.jpg\u00a0\u00bb _builder_version=\u00a0\u00bb4.27.5&Prime; _module_preset=\u00a0\u00bbdefault\u00a0\u00bb global_colors_info=\u00a0\u00bb{}\u00a0\u00bb theme_builder_area=\u00a0\u00bbpost_content\u00a0\u00bb][\/divi8_logo_carousel_item][divi8_logo_carousel_item img=\u00a0\u00bbhttps:\/\/www.latruitehouffalize.be\/wp-content\/uploads\/2026\/02\/LogoVayamundo_Houffalize_Blue.png\u00a0\u00bb _builder_version=\u00a0\u00bb4.27.5&Prime; _module_preset=\u00a0\u00bbdefault\u00a0\u00bb global_colors_info=\u00a0\u00bb{}\u00a0\u00bb theme_builder_area=\u00a0\u00bbpost_content\u00a0\u00bb][\/divi8_logo_carousel_item][divi8_logo_carousel_item img=\u00a0\u00bbhttps:\/\/www.latruitehouffalize.be\/wp-content\/uploads\/2026\/02\/eric-cremer.jpg\u00a0\u00bb _builder_version=\u00a0\u00bb4.27.5&Prime; _module_preset=\u00a0\u00bbdefault\u00a0\u00bb global_colors_info=\u00a0\u00bb{}\u00a0\u00bb theme_builder_area=\u00a0\u00bbpost_content\u00a0\u00bb][\/divi8_logo_carousel_item][divi8_logo_carousel_item img=\u00a0\u00bbhttps:\/\/www.latruitehouffalize.be\/wp-content\/uploads\/2026\/02\/C-P-1.jpg\u00a0\u00bb _builder_version=\u00a0\u00bb4.27.5&Prime; _module_preset=\u00a0\u00bbdefault\u00a0\u00bb global_colors_info=\u00a0\u00bb{}\u00a0\u00bb theme_builder_area=\u00a0\u00bbpost_content\u00a0\u00bb][\/divi8_logo_carousel_item][divi8_logo_carousel_item img=\u00a0\u00bbhttps:\/\/www.latruitehouffalize.be\/wp-content\/uploads\/2026\/02\/Delhaize-1.jpg\u00a0\u00bb _builder_version=\u00a0\u00bb4.27.5&Prime; _module_preset=\u00a0\u00bbdefault\u00a0\u00bb global_colors_info=\u00a0\u00bb{}\u00a0\u00bb theme_builder_area=\u00a0\u00bbpost_content\u00a0\u00bb][\/divi8_logo_carousel_item][divi8_logo_carousel_item img=\u00a0\u00bbhttps:\/\/www.latruitehouffalize.be\/wp-content\/uploads\/2026\/02\/chezlitalien-1.jpg\u00a0\u00bb _builder_version=\u00a0\u00bb4.27.5&Prime; _module_preset=\u00a0\u00bbdefault\u00a0\u00bb global_colors_info=\u00a0\u00bb{}\u00a0\u00bb theme_builder_area=\u00a0\u00bbpost_content\u00a0\u00bb][\/divi8_logo_carousel_item][divi8_logo_carousel_item img=\u00a0\u00bbhttps:\/\/www.latruitehouffalize.be\/wp-content\/uploads\/2026\/02\/Cabanes-de-rensiwez-photo-2.jpg\u00a0\u00bb _builder_version=\u00a0\u00bb4.27.5&Prime; _module_preset=\u00a0\u00bbdefault\u00a0\u00bb global_colors_info=\u00a0\u00bb{}\u00a0\u00bb theme_builder_area=\u00a0\u00bbpost_content\u00a0\u00bb][\/divi8_logo_carousel_item][divi8_logo_carousel_item img=\u00a0\u00bbhttps:\/\/www.latruitehouffalize.be\/wp-content\/uploads\/2026\/02\/HI-Houffa-Info.jpg\u00a0\u00bb _builder_version=\u00a0\u00bb4.27.5&Prime; _module_preset=\u00a0\u00bbdefault\u00a0\u00bb global_colors_info=\u00a0\u00bb{}\u00a0\u00bb theme_builder_area=\u00a0\u00bbpost_content\u00a0\u00bb][\/divi8_logo_carousel_item][divi8_logo_carousel_item img=\u00a0\u00bbhttps:\/\/www.latruitehouffalize.be\/wp-content\/uploads\/2026\/02\/Les-3-Passerelles.png\u00a0\u00bb _builder_version=\u00a0\u00bb4.27.5&Prime; _module_preset=\u00a0\u00bbdefault\u00a0\u00bb global_colors_info=\u00a0\u00bb{}\u00a0\u00bb theme_builder_area=\u00a0\u00bbpost_content\u00a0\u00bb][\/divi8_logo_carousel_item][divi8_logo_carousel_item img=\u00a0\u00bbhttps:\/\/www.latruitehouffalize.be\/wp-content\/uploads\/2026\/02\/Micarelli-1.jpg\u00a0\u00bb _builder_version=\u00a0\u00bb4.27.5&Prime; _module_preset=\u00a0\u00bbdefault\u00a0\u00bb global_colors_info=\u00a0\u00bb{}\u00a0\u00bb theme_builder_area=\u00a0\u00bbpost_content\u00a0\u00bb][\/divi8_logo_carousel_item][divi8_logo_carousel_item img=\u00a0\u00bbhttps:\/\/www.latruitehouffalize.be\/wp-content\/uploads\/2026\/02\/lac-de-belle-meuse_vertical_lin-fond-vert-1-1.jpg\u00a0\u00bb _builder_version=\u00a0\u00bb4.27.5&Prime; _module_preset=\u00a0\u00bbdefault\u00a0\u00bb global_colors_info=\u00a0\u00bb{}\u00a0\u00bb theme_builder_area=\u00a0\u00bbpost_content\u00a0\u00bb][\/divi8_logo_carousel_item][divi8_logo_carousel_item img=\u00a0\u00bbhttps:\/\/www.latruitehouffalize.be\/wp-content\/uploads\/2026\/02\/LogoVayamundo_Houffalize_Blue.png\u00a0\u00bb _builder_version=\u00a0\u00bb4.27.5&Prime; _module_preset=\u00a0\u00bbdefault\u00a0\u00bb global_colors_info=\u00a0\u00bb{}\u00a0\u00bb theme_builder_area=\u00a0\u00bbpost_content\u00a0\u00bb][\/divi8_logo_carousel_item][divi8_logo_carousel_item img=\u00a0\u00bbhttps:\/\/www.latruitehouffalize.be\/wp-content\/uploads\/2026\/02\/Jonkeau-1.jpg\u00a0\u00bb _builder_version=\u00a0\u00bb4.27.5&Prime; _module_preset=\u00a0\u00bbdefault\u00a0\u00bb global_colors_info=\u00a0\u00bb{}\u00a0\u00bb theme_builder_area=\u00a0\u00bbpost_content\u00a0\u00bb][\/divi8_logo_carousel_item][divi8_logo_carousel_item img=\u00a0\u00bbhttps:\/\/www.latruitehouffalize.be\/wp-content\/uploads\/2026\/02\/ML-CARS-2-1.jpg\u00a0\u00bb _builder_version=\u00a0\u00bb4.27.5&Prime; _module_preset=\u00a0\u00bbdefault\u00a0\u00bb global_colors_info=\u00a0\u00bb{}\u00a0\u00bb theme_builder_area=\u00a0\u00bbpost_content\u00a0\u00bb][\/divi8_logo_carousel_item][divi8_logo_carousel_item img=\u00a0\u00bbhttps:\/\/www.latruitehouffalize.be\/wp-content\/uploads\/2026\/02\/thierry-logo-petit-1.jpg\u00a0\u00bb _builder_version=\u00a0\u00bb4.27.5&Prime; _module_preset=\u00a0\u00bbdefault\u00a0\u00bb global_colors_info=\u00a0\u00bb{}\u00a0\u00bb theme_builder_area=\u00a0\u00bbpost_content\u00a0\u00bb][\/divi8_logo_carousel_item][divi8_logo_carousel_item img=\u00a0\u00bbhttps:\/\/www.latruitehouffalize.be\/wp-content\/uploads\/2026\/02\/asbl-Prog-LOGO-CENTRE-BLANC-BEIGE-FOND-NOIR.png\u00a0\u00bb _builder_version=\u00a0\u00bb4.27.5&Prime; _module_preset=\u00a0\u00bbdefault\u00a0\u00bb global_colors_info=\u00a0\u00bb{}\u00a0\u00bb theme_builder_area=\u00a0\u00bbpost_content\u00a0\u00bb][\/divi8_logo_carousel_item][divi8_logo_carousel_item img=\u00a0\u00bbhttps:\/\/www.latruitehouffalize.be\/wp-content\/uploads\/2026\/02\/philippart-boulangerie-1.jpg\u00a0\u00bb _builder_version=\u00a0\u00bb4.27.5&Prime; _module_preset=\u00a0\u00bbdefault\u00a0\u00bb global_colors_info=\u00a0\u00bb{}\u00a0\u00bb theme_builder_area=\u00a0\u00bbpost_content\u00a0\u00bb][\/divi8_logo_carousel_item][divi8_logo_carousel_item img=\u00a0\u00bbhttps:\/\/www.latruitehouffalize.be\/wp-content\/uploads\/2026\/02\/2f199ccf-18f3-4c4d-8a29-d030af5bba48_Page_1.png\u00a0\u00bb _builder_version=\u00a0\u00bb4.27.5&Prime; _module_preset=\u00a0\u00bbdefault\u00a0\u00bb global_colors_info=\u00a0\u00bb{}\u00a0\u00bb theme_builder_area=\u00a0\u00bbpost_content\u00a0\u00bb][\/divi8_logo_carousel_item][divi8_logo_carousel_item img=\u00a0\u00bbhttps:\/\/www.latruitehouffalize.be\/wp-content\/uploads\/2026\/02\/LogoVayamundo_Houffalize_Blue.png\u00a0\u00bb _builder_version=\u00a0\u00bb4.27.5&Prime; _module_preset=\u00a0\u00bbdefault\u00a0\u00bb global_colors_info=\u00a0\u00bb{}\u00a0\u00bb theme_builder_area=\u00a0\u00bbpost_content\u00a0\u00bb][\/divi8_logo_carousel_item][divi8_logo_carousel_item img=\u00a0\u00bbhttps:\/\/www.latruitehouffalize.be\/wp-content\/uploads\/2026\/02\/hotel-des-postes-logo.png\u00a0\u00bb _builder_version=\u00a0\u00bb4.27.5&Prime; _module_preset=\u00a0\u00bbdefault\u00a0\u00bb global_colors_info=\u00a0\u00bb{}\u00a0\u00bb theme_builder_area=\u00a0\u00bbpost_content\u00a0\u00bb][\/divi8_logo_carousel_item][divi8_logo_carousel_item img=\u00a0\u00bbhttps:\/\/www.latruitehouffalize.be\/wp-content\/uploads\/2026\/02\/coccinelle.png\u00a0\u00bb _builder_version=\u00a0\u00bb4.27.5&Prime; _module_preset=\u00a0\u00bbdefault\u00a0\u00bb global_colors_info=\u00a0\u00bb{}\u00a0\u00bb theme_builder_area=\u00a0\u00bbpost_content\u00a0\u00bb][\/divi8_logo_carousel_item][divi8_logo_carousel_item img=\u00a0\u00bbhttps:\/\/www.latruitehouffalize.be\/wp-content\/uploads\/2026\/02\/logo-AGS.jpg\u00a0\u00bb _builder_version=\u00a0\u00bb4.27.5&Prime; _module_preset=\u00a0\u00bbdefault\u00a0\u00bb global_colors_info=\u00a0\u00bb{}\u00a0\u00bb theme_builder_area=\u00a0\u00bbpost_content\u00a0\u00bb][\/divi8_logo_carousel_item][divi8_logo_carousel_item img=\u00a0\u00bbhttps:\/\/www.latruitehouffalize.be\/wp-content\/uploads\/2026\/02\/cafedessports.png\u00a0\u00bb _builder_version=\u00a0\u00bb4.27.5&Prime; _module_preset=\u00a0\u00bbdefault\u00a0\u00bb global_colors_info=\u00a0\u00bb{}\u00a0\u00bb theme_builder_area=\u00a0\u00bbpost_content\u00a0\u00bb][\/divi8_logo_carousel_item][divi8_logo_carousel_item img=\u00a0\u00bbhttps:\/\/www.latruitehouffalize.be\/wp-content\/uploads\/2026\/02\/brasserie.jpg\u00a0\u00bb _builder_version=\u00a0\u00bb4.27.5&Prime; _module_preset=\u00a0\u00bbdefault\u00a0\u00bb global_colors_info=\u00a0\u00bb{}\u00a0\u00bb theme_builder_area=\u00a0\u00bbpost_content\u00a0\u00bb][\/divi8_logo_carousel_item][divi8_logo_carousel_item img=\u00a0\u00bbhttps:\/\/www.latruitehouffalize.be\/wp-content\/uploads\/2026\/02\/Logo-GroupeG4-H.jpg\u00a0\u00bb _builder_version=\u00a0\u00bb4.27.5&Prime; _module_preset=\u00a0\u00bbdefault\u00a0\u00bb global_colors_info=\u00a0\u00bb{}\u00a0\u00bb theme_builder_area=\u00a0\u00bbpost_content\u00a0\u00bb][\/divi8_logo_carousel_item][divi8_logo_carousel_item img=\u00a0\u00bbhttps:\/\/www.latruitehouffalize.be\/wp-content\/uploads\/2026\/02\/BNP-choix.png\u00a0\u00bb _builder_version=\u00a0\u00bb4.27.5&Prime; _module_preset=\u00a0\u00bbdefault\u00a0\u00bb global_colors_info=\u00a0\u00bb{}\u00a0\u00bb theme_builder_area=\u00a0\u00bbpost_content\u00a0\u00bb][\/divi8_logo_carousel_item][divi8_logo_carousel_item img=\u00a0\u00bbhttps:\/\/www.latruitehouffalize.be\/wp-content\/uploads\/2026\/02\/HCS.png\u00a0\u00bb _builder_version=\u00a0\u00bb4.27.5&Prime; _module_preset=\u00a0\u00bbdefault\u00a0\u00bb global_colors_info=\u00a0\u00bb{}\u00a0\u00bb theme_builder_area=\u00a0\u00bbpost_content\u00a0\u00bb][\/divi8_logo_carousel_item][divi8_logo_carousel_item img=\u00a0\u00bbhttps:\/\/www.latruitehouffalize.be\/wp-content\/uploads\/2026\/02\/Happy-Shop-Shell-Hachiville-vect.jpg\u00a0\u00bb _builder_version=\u00a0\u00bb4.27.5&Prime; _module_preset=\u00a0\u00bbdefault\u00a0\u00bb global_colors_info=\u00a0\u00bb{}\u00a0\u00bb theme_builder_area=\u00a0\u00bbpost_content\u00a0\u00bb][\/divi8_logo_carousel_item][\/divi8_logo_carousel][et_pb_text _builder_version=\u00a0\u00bb4.16&Prime; _module_preset=\u00a0\u00bbdefault\u00a0\u00bb text_font=\u00a0\u00bb||||||||\u00a0\u00bb text_text_color=\u00a0\u00bb#005852&Prime; link_text_color=\u00a0\u00bb#EC1C24&Prime; header_3_font=\u00a0\u00bb|800||on|||||\u00a0\u00bb header_3_text_color=\u00a0\u00bb#EC1C24&Prime; header_3_letter_spacing=\u00a0\u00bb2px\u00a0\u00bb header_4_text_color=\u00a0\u00bb#005852&Prime; header_4_font_size=\u00a0\u00bb14px\u00a0\u00bb header_5_font=\u00a0\u00bb|600|||||||\u00a0\u00bb header_5_text_color=\u00a0\u00bb#000000&Prime; header_5_font_size=\u00a0\u00bb14px\u00a0\u00bb background_color=\u00a0\u00bb#f2f2f2&Prime; text_orientation=\u00a0\u00bbcenter\u00a0\u00bb width=\u00a0\u00bb50%\u00a0\u00bb width_tablet=\u00a0\u00bb100%\u00a0\u00bb width_phone=\u00a0\u00bb100%\u00a0\u00bb width_last_edited=\u00a0\u00bbon|tablet\u00a0\u00bb module_alignment=\u00a0\u00bbcenter\u00a0\u00bb custom_padding=\u00a0\u00bb90px|119px|90px|119px|true|true\u00a0\u00bb custom_padding_tablet=\u00a0\u00bb|0px||0px|true|true\u00a0\u00bb custom_padding_phone=\u00a0\u00bb|0px||0px|true|true\u00a0\u00bb custom_padding_last_edited=\u00a0\u00bbon|tablet\u00a0\u00bb locked=\u00a0\u00bboff\u00a0\u00bb global_colors_info=\u00a0\u00bb{}\u00a0\u00bb theme_builder_area=\u00a0\u00bbpost_content\u00a0\u00bb]<\/p>\n<h3><span style=\"color: #000000;\">Merci \u00e0 &#8230;<\/span><\/h3>\n<p><span style=\"color: #000000;\"><\/span><\/p>\n<h4>LA VILLE DE HOUFFALIZE<\/h4>\n<p><a href=\"http:\/\/www.houffalize.be\">www.houffalize.be<\/a><\/p>\n<p>&nbsp;<\/p>\n<p>&nbsp;<\/p>\n<p>[\/et_pb_text][\/et_pb_column][\/et_pb_row][\/et_pb_section]<\/p>\n","protected":false},"excerpt":{"rendered":"<p>Liens &amp; Sponsors &nbsp;Liens et Sponsors MERCI A TOUS NOS SPONSORS POUR LEUR GENEROSITE ET LEUR FIDELITE\u00a0 P\u00eacheurs, s\u2019il vous pla\u00eet, faites-vous conna\u00eetre aupr\u00e8s des commer\u00e7ants et sponsors en leur signalant que vous \u00eates p\u00eacheurs. Ceci nous aidera \u00e0 trouver de nouveaux sponsors et\/ou conserver de bonnes relations avec nos sponsors actuels. &nbsp;<div class=\"et_pb_module divi8_logo_carousel divi8_logo_carousel_0\">\n\t\t\t\t\n\t\t\t\t\n\t\t\t\t\n\t\t\t\t\n\t\t\t\t\n\t\t\t\t\n\t\t\t\t<div class=\"et_pb_module_inner\">\n\t\t\t\t\t<div> <div class=\"own\">\n\t\t\t<div class=\"swiper-container logoswiper\" data-slideperview=\"\u00bb6&Prime;|1|1\"\n\t\t\t data-direction=\"horizontal\" \n\t\t\t data-loop=\"on\" \n\t\t\t data-spacebetween=\"15\" \n\t\t\t data-effects=\"slide\" \n\t\t\t data-coverflow-rotation=\"0\" \n\t\t\t data-coverflowstretch=\"0\"  \n\t\t\t data-coverflowdepth=\"0\" \n\t\t\t data-coverflowshadow=\"0\" \n\t\t\t data-coverflowmodifier=\"1\" \n\t\t\t data-grabcursor=\"off\" \n\t\t\t data-centerslides=\"1\"  \n\t\t\t data-zoom=\"1\" \n\t\t\t data-speed=\"400\" \n\t\t\t data-autoplay=\"1\" \n\t\t\t data-autoplay-delay=\"\u00bb1500&Prime;\" \n\t\t\t data-observer=\"1\" \n\t\t\t data-pagi-dynamicbullets=\"on\" \n\t\t\t data-pagi-type=\"bullets\" \n\t\t\t data-mousewheel=\"on\"\n\t\t\t data-keyboard=\"on\"\n\t\t\t data-autoplay_pause=\"1\"\n\t\t\t data-effects-type=\"slide\"\n\t\t\t ><div class=\"swiper-wrapper\"><\/div>\n\t\t\t<\/div>\n\t\t\t<div class=\"swiper-navi-container\">\n\t\t\t\t<div class=\"swiper-button-prev\"><i class='et-pb-icon divi8-icon-left'>&amp;#x34;<\/i><\/div>\n\t\t\t\t<div class=\"swiper-button-next\"><i class='et-pb-icon divi8-icon-right'>&amp;#x35;<\/i><\/div>\n\t\t\t<\/div>\n\t\t\t<div class=\"swiper-pagination\"><\/div>\n\t\t\t<div class=\"swiper-progress-bar\"><\/div>\n\t\t<\/div> <\/div> \n\t\t\t\t<\/div>\n\t\t\t<\/div><\/p>\n","protected":false},"author":1,"featured_media":0,"parent":0,"menu_order":0,"comment_status":"closed","ping_status":"closed","template":"","meta":{"_et_pb_use_builder":"on","_et_pb_old_content":"","_et_gb_content_width":"","footnotes":""},"class_list":["post-101","page","type-page","status-publish","hentry"],"_links":{"self":[{"href":"https:\/\/www.latruitehouffalize.be\/fr\/wp-json\/wp\/v2\/pages\/101","targetHints":{"allow":["GET"]}}],"collection":[{"href":"https:\/\/www.latruitehouffalize.be\/fr\/wp-json\/wp\/v2\/pages"}],"about":[{"href":"https:\/\/www.latruitehouffalize.be\/fr\/wp-json\/wp\/v2\/types\/page"}],"author":[{"embeddable":true,"href":"https:\/\/www.latruitehouffalize.be\/fr\/wp-json\/wp\/v2\/users\/1"}],"replies":[{"embeddable":true,"href":"https:\/\/www.latruitehouffalize.be\/fr\/wp-json\/wp\/v2\/comments?post=101"}],"version-history":[{"count":8,"href":"https:\/\/www.latruitehouffalize.be\/fr\/wp-json\/wp\/v2\/pages\/101\/revisions"}],"predecessor-version":[{"id":1243,"href":"https:\/\/www.latruitehouffalize.be\/fr\/wp-json\/wp\/v2\/pages\/101\/revisions\/1243"}],"wp:attachment":[{"href":"https:\/\/www.latruitehouffalize.be\/fr\/wp-json\/wp\/v2\/media?parent=101"}],"curies":[{"name":"wp","href":"https:\/\/api.w.org\/{rel}","templated":true}]}}