{"id":116,"date":"2021-11-06T18:53:20","date_gmt":"2021-11-06T18:53:20","guid":{"rendered":"https:\/\/www.latruitehouffalize.be\/?page_id=116"},"modified":"2026-02-14T11:34:40","modified_gmt":"2026-02-14T10:34:40","slug":"permis-carnet-de-peche","status":"publish","type":"page","link":"https:\/\/www.latruitehouffalize.be\/fr\/permis-carnet-de-peche\/","title":{"rendered":"Permis &#038; Carnet de p\u00eache"},"content":{"rendered":"<p>[et_pb_section fb_built=\u00a0\u00bb1&Prime; custom_padding_last_edited=\u00a0\u00bbon|phone\u00a0\u00bb _builder_version=\u00a0\u00bb4.16&Prime; _module_preset=\u00a0\u00bbdefault\u00a0\u00bb background_image=\u00a0\u00bbhttps:\/\/www.latruitehouffalize.be\/wp-content\/uploads\/2021\/11\/permis-fond.jpg\u00a0\u00bb custom_padding=\u00a0\u00bb90px||90px||true|\u00a0\u00bb custom_padding_tablet=\u00a0\u00bb75px||75px||false|false\u00a0\u00bb custom_padding_phone=\u00a0\u00bb50px||50px||false|false\u00a0\u00bb global_colors_info=\u00a0\u00bb{}\u00a0\u00bb][et_pb_row column_structure=\u00a0\u00bb1_3,2_3&Prime; _builder_version=\u00a0\u00bb4.16&Prime; _module_preset=\u00a0\u00bbdefault\u00a0\u00bb global_colors_info=\u00a0\u00bb{}\u00a0\u00bb][et_pb_column type=\u00a0\u00bb1_3&Prime; _builder_version=\u00a0\u00bb4.16&Prime; _module_preset=\u00a0\u00bbdefault\u00a0\u00bb global_colors_info=\u00a0\u00bb{}\u00a0\u00bb][\/et_pb_column][et_pb_column type=\u00a0\u00bb2_3&Prime; _builder_version=\u00a0\u00bb4.16&Prime; _module_preset=\u00a0\u00bbdefault\u00a0\u00bb global_colors_info=\u00a0\u00bb{}\u00a0\u00bb][et_pb_text quote_border_color=\u00a0\u00bb#FFFFFF\u00a0\u00bb _builder_version=\u00a0\u00bb4.16&Prime; _module_preset=\u00a0\u00bbdefault\u00a0\u00bb text_font=\u00a0\u00bb|700|||||||\u00a0\u00bb text_text_color=\u00a0\u00bb#EC1C00&Prime; text_font_size=\u00a0\u00bb15px\u00a0\u00bb header_font=\u00a0\u00bb|800|||||||\u00a0\u00bb header_font_size=\u00a0\u00bb60px\u00a0\u00bb header_2_font_size=\u00a0\u00bb37px\u00a0\u00bb header_3_font_size=\u00a0\u00bb23px\u00a0\u00bb header_3_letter_spacing=\u00a0\u00bb2px\u00a0\u00bb header_3_line_height=\u00a0\u00bb1.5em\u00a0\u00bb width=\u00a0\u00bb92.9%\u00a0\u00bb width_tablet=\u00a0\u00bb100%\u00a0\u00bb width_phone=\u00a0\u00bb100%\u00a0\u00bb width_last_edited=\u00a0\u00bbon|tablet\u00a0\u00bb custom_margin=\u00a0\u00bb|82px||||\u00a0\u00bb custom_margin_tablet=\u00a0\u00bb|0px|||false|false\u00a0\u00bb custom_margin_phone=\u00a0\u00bb|0px|||false|false\u00a0\u00bb custom_margin_last_edited=\u00a0\u00bbon|tablet\u00a0\u00bb custom_padding=\u00a0\u00bb|0px||||\u00a0\u00bb header_font_size_tablet=\u00a0\u00bb69px\u00a0\u00bb header_font_size_phone=\u00a0\u00bb37px\u00a0\u00bb header_font_size_last_edited=\u00a0\u00bbon|phone\u00a0\u00bb inline_fonts=\u00a0\u00bbLato\u00a0\u00bb global_colors_info=\u00a0\u00bb{}\u00a0\u00bb]<\/p>\n<h1 style=\"text-align: center;\">\n<span style=\"font-weight: 300; color: #ffffff;\">Permis &#038;<\/span><br \/>\n<span style=\"color: #ffffff;\">Carnet de p\u00eache<\/span><br \/>\n<\/h1>\n<p>[\/et_pb_text][\/et_pb_column][\/et_pb_row][\/et_pb_section][et_pb_section fb_built=\u00a0\u00bb1&Prime; _builder_version=\u00a0\u00bb4.16&Prime; _module_preset=\u00a0\u00bbdefault\u00a0\u00bb custom_padding=\u00a0\u00bb0px||0px|||\u00a0\u00bb global_colors_info=\u00a0\u00bb{}\u00a0\u00bb][et_pb_row use_custom_gutter=\u00a0\u00bbon\u00a0\u00bb gutter_width=\u00a0\u00bb1&Prime; _builder_version=\u00a0\u00bb4.16&Prime; _module_preset=\u00a0\u00bbdefault\u00a0\u00bb width=\u00a0\u00bb100%\u00a0\u00bb max_width=\u00a0\u00bb100%\u00a0\u00bb custom_padding=\u00a0\u00bb0px||0px|||\u00a0\u00bb global_colors_info=\u00a0\u00bb{}\u00a0\u00bb][et_pb_column type=\u00a0\u00bb4_4&Prime; admin_label=\u00a0\u00bbColonne\u00a0\u00bb _builder_version=\u00a0\u00bb4.16&Prime; _module_preset=\u00a0\u00bbdefault\u00a0\u00bb custom_css_main_element=\u00a0\u00bbdisplay: grid;||grid-template-columns: repeat(2, 1fr) repeat(2, 1fr);||grid-template-rows: 1fr 1fr;||grid-column-gap: 0px;||grid-row-gap: 0px;||\u00a0\u00bb global_colors_info=\u00a0\u00bb{}\u00a0\u00bb custom_css_main_element_last_edited=\u00a0\u00bbon|tablet\u00a0\u00bb custom_css_main_element_tablet=\u00a0\u00bbdisplay:block;\u00a0\u00bb custom_css_main_element_phone=\u00a0\u00bbdisplay:block;\u00a0\u00bb][et_pb_blurb title=\u00a0\u00bbCarnet de p\u00eache\u00a0\u00bb image=\u00a0\u00bbhttps:\/\/www.latruitehouffalize.be\/wp-content\/uploads\/2021\/11\/permis-svg.png\u00a0\u00bb _builder_version=\u00a0\u00bb4.16&Prime; _module_preset=\u00a0\u00bbdefault\u00a0\u00bb header_font=\u00a0\u00bb|600||on|||||\u00a0\u00bb header_text_align=\u00a0\u00bbcenter\u00a0\u00bb header_text_color=\u00a0\u00bb#EC1C00&Prime; header_letter_spacing=\u00a0\u00bb1px\u00a0\u00bb text_orientation=\u00a0\u00bbcenter\u00a0\u00bb custom_margin=\u00a0\u00bb||||false|false\u00a0\u00bb custom_padding=\u00a0\u00bb67px|67px|67px|2px|true|false\u00a0\u00bb custom_padding_tablet=\u00a0\u00bb67px|0px|67px|0px|true|false\u00a0\u00bb custom_padding_phone=\u00a0\u00bb67px|0px|67px|0px|true|false\u00a0\u00bb custom_padding_last_edited=\u00a0\u00bbon|tablet\u00a0\u00bb custom_css_main_element=\u00a0\u00bb grid-area: 1 \/ 1 \/ 3 \/ 3;\u00a0\u00bb global_colors_info=\u00a0\u00bb{}\u00a0\u00bb]<\/p>\n<div style=\"width: 20px; height: 1px; margin: 10px auto 15px auto; background: #ec1c24;\">\u00a0 \u00a0\u00a0<\/div>\n<p><strong><span style=\"color: #005852;\">Les prix comprennent le \u00ab timbre \u00bb (6 \u20ac) de la F\u00e9d\u00e9ration Sportive des P\u00eacheurs Francophone de Belgique et la cotisation (1 \u20ac) de la F\u00e9d\u00e9ration des P\u00eacheurs de l&rsquo;Ourthe.<\/span><\/strong><\/p>\n<p><strong><span style=\"color: #000000;\">\u2022 PARCOURS G\u00c9N\u00c9RAL ANNUEL \u2022<\/span><\/strong><br \/><span style=\"color: #000000;\">(Ourthe hors NO-KILL + ruisseaux) :<\/span> <span style=\"color: #ec1c00;\">80 \u20ac<\/span><\/p>\n<p><strong><span style=\"color: #000000;\">\u2022 PARCOURS G\u00c9N\u00c9RAL 14 JOURS CONSECUTIFS \u2022<\/span><\/strong><br \/><span style=\"color: #000000;\">(Ourthe + ruisseaux + NO-KILL ) :<\/span><span style=\"color: #ec1c00;\"> 50 \u20ac<\/span><\/p>\n<p><strong><span style=\"color: #000000;\">\u2022 PARCOURS G\u00c9N\u00c9RAL ANNUEL + NO-KILL \u2022<\/span><\/strong><span style=\"color: #000000;\">\u00a0:<\/span><span style=\"color: #ec1c00;\"> 90 \u20ac<\/span><\/p>\n<p><strong><span style=\"color: #000000;\">\u2022 PARCOURS G\u00c9N\u00c9RAL + NO-KILL ENFANTS \u2022<\/span><\/strong><br \/><span style=\"color: #000000;\">(n\u00e9s en 2014 et apr\u00e8s 2014) : <span style=\"color: #ec1c00;\">3<\/span><\/span><span style=\"color: #ec1c00;\">5 \u20ac<\/span><\/p>\n<p><span style=\"color: #000000;\"><strong>-PARCOURS GENERAL 1 JOUR : <\/strong><\/span><span style=\"color: #ec1c00;\">30 \u20ac<\/span><\/p>\n<p><span style=\"color: #ec1c24;\"><\/span><\/p>\n<p>[\/et_pb_blurb][et_pb_text _builder_version=\u00a0\u00bb4.16&Prime; _module_preset=\u00a0\u00bbdefault\u00a0\u00bb background_color=\u00a0\u00bb#EC1C00&Prime; custom_padding=\u00a0\u00bb50px||50px|99px|true|false\u00a0\u00bb custom_padding_tablet=\u00a0\u00bb50px||50px|100px|true|false\u00a0\u00bb custom_padding_phone=\u00a0\u00bb50px|20px|50px|20px|true|true\u00a0\u00bb custom_padding_last_edited=\u00a0\u00bbon|desktop\u00a0\u00bb custom_css_main_element=\u00a0\u00bbgrid-area: 1 \/ 3 \/ 2 \/ 5;\u00a0\u00bb global_colors_info=\u00a0\u00bb{}\u00a0\u00bb]<\/p>\n<p><strong><span style=\"color: #ffffff;\">Paiements par virement\u00a0<\/span><\/strong><br \/><span style=\"color: #ffffff;\">A.S.B.L. La TRUITE &#8211; 32 rue de Bastogne, 6660 HOUFFALIZE<\/span><br \/><span style=\"color: #ffffff;\">IBAN BE67 3630 1965 6987- BIC BBRU BEBB<\/span><br \/><span style=\"color: #ffffff;\">\u2014<\/span><br \/><span style=\"color: #ffffff;\">VEUILLEZ JOINDRE : <\/span><br \/><span style=\"color: #ffffff;\"><strong>\u2022<\/strong> vos coordonn\u00e9es compl\u00e8tes <\/span><br \/><span style=\"color: #ffffff;\"><strong>\u2022<\/strong> votre date de naissance <\/span><br \/><span style=\"color: #ffffff;\"><strong>\u2022<\/strong> le type de parcours souhait\u00e9<\/span><br \/><span style=\"color: #ffffff;\"><strong>\u2022<\/strong> une photocopie recto-verso de votre carte d&rsquo;identit\u00e9,<\/span><br \/><span style=\"color: #ffffff;\"><strong>\u2022<\/strong> 2 euros pour frais postaux.<\/span><\/p>\n<p>[\/et_pb_text][et_pb_text _builder_version=\u00a0\u00bb4.27.5&Prime; _module_preset=\u00a0\u00bbdefault\u00a0\u00bb background_color=\u00a0\u00bb#ac1c17&Prime; custom_padding=\u00a0\u00bb30px|22px|30px|100px|true|false\u00a0\u00bb custom_padding_tablet=\u00a0\u00bb|293px|||false|false\u00a0\u00bb custom_padding_phone=\u00a0\u00bb|20px||20px|true|false\u00a0\u00bb custom_padding_last_edited=\u00a0\u00bbon|desktop\u00a0\u00bb hover_enabled=\u00a0\u00bb0&Prime; custom_css_main_element=\u00a0\u00bbgrid-area: 2 \/ 3 \/ 3 \/ 5;\u00a0\u00bb global_colors_info=\u00a0\u00bb{}\u00a0\u00bb sticky_enabled=\u00a0\u00bb0&Prime;]<\/p>\n<p><strong><span style=\"color: #ffffff;\">PRIMES MUTUELLES <\/span><\/strong><br \/><span style=\"color: #ffffff;\">Les p\u00eacheurs qui peuvent b\u00e9n\u00e9ficier d\u2019une prime de leur mutuelle doivent nous envoyer pour l\u2019attestation d\u2019affiliation :<\/span><br \/><span style=\"color: #ffffff;\"><strong>\u2022<\/strong> le formulaire de leur mutuelle pr\u00e9 compl\u00e9t\u00e9 ainsi qu\u2019une photocopie de leur autorisation de p\u00eache<\/span><br \/><span style=\"color: #ffffff;\"><strong>\u2022<\/strong> une enveloppe pr\u00e9-timbr\u00e9e avec leur adresse compl\u00e8te<\/span><\/p>\n<p><strong><span style=\"color: #ffffff;\">Sous r\u00e9serve de ces conditions, l\u2019attestation, d\u00fbment compl\u00e9t\u00e9e par nos soins, sera renvoy\u00e9e aux p\u00eacheurs via la Poste.<\/span><\/strong><\/p>\n<p>[\/et_pb_text][\/et_pb_column][\/et_pb_row][et_pb_row _builder_version=\u00a0\u00bb4.16&Prime; _module_preset=\u00a0\u00bbdefault\u00a0\u00bb background_color=\u00a0\u00bbRGBA(0,0,0,0)\u00a0\u00bb width=\u00a0\u00bb100%\u00a0\u00bb max_width=\u00a0\u00bb100%\u00a0\u00bb custom_margin=\u00a0\u00bb-1px|auto|-2px|auto|false|false\u00a0\u00bb custom_padding=\u00a0\u00bb6px||6px||true|false\u00a0\u00bb global_colors_info=\u00a0\u00bb{}\u00a0\u00bb][et_pb_column type=\u00a0\u00bb4_4&Prime; _builder_version=\u00a0\u00bb4.16&Prime; _module_preset=\u00a0\u00bbdefault\u00a0\u00bb global_colors_info=\u00a0\u00bb{}\u00a0\u00bb][et_pb_blurb title=\u00a0\u00bbLIMITATION DES CAPTURES\u00a0\u00bb image_icon_width=\u00a0\u00bb80%\u00a0\u00bb _builder_version=\u00a0\u00bb4.16&Prime; _module_preset=\u00a0\u00bbdefault\u00a0\u00bb header_font=\u00a0\u00bb|||on|||||\u00a0\u00bb header_text_align=\u00a0\u00bbcenter\u00a0\u00bb header_text_color=\u00a0\u00bb#EC1C24&Prime; header_font_size=\u00a0\u00bb23px\u00a0\u00bb header_letter_spacing=\u00a0\u00bb4px\u00a0\u00bb background_color=\u00a0\u00bb#f2f2f2&Prime; text_orientation=\u00a0\u00bbcenter\u00a0\u00bb background_layout=\u00a0\u00bbdark\u00a0\u00bb width=\u00a0\u00bb50%\u00a0\u00bb width_tablet=\u00a0\u00bb90%\u00a0\u00bb width_phone=\u00a0\u00bb90%\u00a0\u00bb width_last_edited=\u00a0\u00bbon|desktop\u00a0\u00bb module_alignment=\u00a0\u00bbcenter\u00a0\u00bb custom_margin=\u00a0\u00bb-5px||1px|||\u00a0\u00bb custom_padding=\u00a0\u00bb46px||46px||true|\u00a0\u00bb image_max_width=\u00a0\u00bb80%\u00a0\u00bb global_colors_info=\u00a0\u00bb{}\u00a0\u00bb]<\/p>\n<div style=\"width: 20px; height: 1px; margin: 10px auto; background: #ec1c24;\"><\/div>\n<p><strong><span style=\"color: #005852;\">LE NOMBRE DE TRUITES CONSERV\u00c9ES ET INSCRITES (COCH\u00c9ES) PAR CARNET DE P\u00caCHE EST PLAFONN\u00c9 \u00c0 75 PRISES.<\/span><\/strong><\/p>\n<p><span style=\"color: #005852;\">Tout p\u00eacheur ayant atteint son quota de 75 prises devra acqu\u00e9rir un nouveau carnet de p\u00eache \u00e0 la date ou apr\u00e8s la date de l\u2019inscription de sa 75\u00e8me truite conserv\u00e9e par lui.<\/span><\/p>\n<p><strong><span style=\"color: #ec1c00;\">UN SEUL SECOND CARNET DE P\u00caCHE EST AUTORIS\u00c9.<\/span><\/strong><\/p>\n<p>[\/et_pb_blurb][\/et_pb_column][\/et_pb_row][\/et_pb_section][et_pb_section fb_built=\u00a0\u00bb1&Prime; _builder_version=\u00a0\u00bb4.16&Prime; _module_preset=\u00a0\u00bbdefault\u00a0\u00bb custom_padding=\u00a0\u00bb0px||0px|||\u00a0\u00bb global_colors_info=\u00a0\u00bb{}\u00a0\u00bb][\/et_pb_section][et_pb_section fb_built=\u00a0\u00bb1&Prime; _builder_version=\u00a0\u00bb4.16&Prime; _module_preset=\u00a0\u00bbdefault\u00a0\u00bb overflow-x=\u00a0\u00bbhidden\u00a0\u00bb overflow-y=\u00a0\u00bbhidden\u00a0\u00bb custom_padding=\u00a0\u00bb0px||0px|||\u00a0\u00bb global_colors_info=\u00a0\u00bb{}\u00a0\u00bb][et_pb_row column_structure=\u00a0\u00bb1_2,1_2&Prime; use_custom_gutter=\u00a0\u00bbon\u00a0\u00bb gutter_width=\u00a0\u00bb1&Prime; make_equal=\u00a0\u00bbon\u00a0\u00bb _builder_version=\u00a0\u00bb4.16&Prime; _module_preset=\u00a0\u00bbdefault\u00a0\u00bb background_color=\u00a0\u00bb#f2f2f2&Prime; width=\u00a0\u00bb100%\u00a0\u00bb max_width=\u00a0\u00bb100%\u00a0\u00bb module_alignment=\u00a0\u00bbcenter\u00a0\u00bb custom_margin=\u00a0\u00bb-9px|auto||auto|false|false\u00a0\u00bb custom_padding=\u00a0\u00bb0px||0px|||\u00a0\u00bb global_colors_info=\u00a0\u00bb{}\u00a0\u00bb][et_pb_column type=\u00a0\u00bb1_2&Prime; _builder_version=\u00a0\u00bb4.16&Prime; _module_preset=\u00a0\u00bbdefault\u00a0\u00bb background_color=\u00a0\u00bb#005852&Prime; global_colors_info=\u00a0\u00bb{}\u00a0\u00bb][et_pb_text _builder_version=\u00a0\u00bb4.27.5&Prime; _module_preset=\u00a0\u00bbdefault\u00a0\u00bb text_text_color=\u00a0\u00bb#FFFFFF\u00a0\u00bb text_line_height=\u00a0\u00bb2em\u00a0\u00bb header_3_text_color=\u00a0\u00bb#FFFFFF\u00a0\u00bb header_3_font_size=\u00a0\u00bb23px\u00a0\u00bb header_3_letter_spacing=\u00a0\u00bb3px\u00a0\u00bb background_color=\u00a0\u00bb#005852&Prime; custom_padding=\u00a0\u00bb80px|100px|80px||true|false\u00a0\u00bb custom_padding_tablet=\u00a0\u00bb80px|100px|80px||true|false\u00a0\u00bb custom_padding_phone=\u00a0\u00bb112px|10px|112px||true|false\u00a0\u00bb custom_padding_last_edited=\u00a0\u00bbon|phone\u00a0\u00bb global_colors_info=\u00a0\u00bb{}\u00a0\u00bb]<\/p>\n<h3 style=\"text-align: center;\">LIEUX DE DELIVRANCE<br \/>DES CARNETS DE P\u00caCHE<\/h3>\n<p style=\"text-align: center;\">\n<p style=\"text-align: center;\">\n<ol>\n<li style=\"text-align: center;\"><strong>\u00a0CAF\u00c9 LES SPORTIFS<\/strong> <strong>:<\/strong> 14 Place de l\u2019Eglise, 6660 HOUFFALIZE &#8211; Caf\u00e9<\/li>\n<li style=\"text-align: center;\"><strong>ETS PIRONT EUDORE :<\/strong> 326 Foy, 6600 BASTOGNE &#8211; Articles de p\u00eache<\/li>\n<li style=\"text-align: center;\"><strong>LIEGE\u00a0 FISHING <\/strong>: 19 Boulevard Cuivre et Zinc, 4030 LIEGE &#8211; Magasin de p\u00eache<\/li>\n<li style=\"text-align: center;\"><strong>\u00a0CHASSE ET P\u00caCHE<\/strong> <strong>:<\/strong> 63 Route de La Roche, 6660 Houffalize &#8211; Caf\u00e9 &amp; camping<\/li>\n<li style=\"text-align: center;\"><strong>\u00a0CHEZ THIERRY :<\/strong> 12 Place du March\u00e9, 6980 La Roche-en-Ardenne &#8211; Articles de p\u00eache<\/li>\n<li style=\"text-align: center;\"><strong>\u00a0VAYAMUNDO :<\/strong> 1 Ol fosse d\u2019Outh, 6660\u00a0 Houffalize &#8211; Centre de vacances<\/li>\n<li style=\"text-align: center;\"><strong>\u00a0LES CABANES DE RENSIWEZ :<\/strong> 1 Moulin de Rensiwez, 6663 Houffalize &#8211; G\u00eetes &amp; camping<\/li>\n<li style=\"text-align: center;\"><strong>\u00a0LA TAVERNE DES 3 PASSERELLES :<\/strong> 1 Place du Crucifix, 6660 Houffalize &#8211; Caf\u00e9<\/li>\n<li style=\"text-align: center;\"><strong>\u00a0LAC DE BELLE-MEUSE :<\/strong> 22 Rue de Wibrin, 6660 Nadrin &#8211; Restaurant, brasserie &amp; p\u00eacherie<\/li>\n<\/ol>\n<p style=\"text-align: right;\">\n<p>[\/et_pb_text][\/et_pb_column][et_pb_column type=\u00a0\u00bb1_2&Prime; _builder_version=\u00a0\u00bb4.16&Prime; _module_preset=\u00a0\u00bbdefault\u00a0\u00bb background_color=\u00a0\u00bb#000000&Prime; custom_padding=\u00a0\u00bb||0px||false|false\u00a0\u00bb global_colors_info=\u00a0\u00bb{}\u00a0\u00bb][et_pb_blurb image=\u00a0\u00bbhttps:\/\/www.latruitehouffalize.be\/wp-content\/uploads\/2021\/11\/permis-Fichier-3.png\u00a0\u00bb _builder_version=\u00a0\u00bb4.16&Prime; _module_preset=\u00a0\u00bbdefault\u00a0\u00bb text_orientation=\u00a0\u00bbcenter\u00a0\u00bb module_alignment=\u00a0\u00bbleft\u00a0\u00bb custom_padding=\u00a0\u00bb81px|103px||112px|false|false\u00a0\u00bb custom_padding_tablet=\u00a0\u00bb62px|0px|62px|0px|true|false\u00a0\u00bb custom_padding_phone=\u00a0\u00bb62px|0px|62px|0px|true|false\u00a0\u00bb custom_padding_last_edited=\u00a0\u00bbon|tablet\u00a0\u00bb global_colors_info=\u00a0\u00bb{}\u00a0\u00bb]<\/p>\n<p><span style=\"color: #ec1c24;\">\u2014<\/span><br \/><span style=\"color: #ffffff;\">R\u00c9DIGER VOUS-M\u00caME VOTRE CARNET DE P\u00caCHE EN LETTRES CAPITALES<\/span><br \/><span style=\"text-decoration: underline; color: #ec1c24;\">SANS RIEN OMETTRE<\/span><br \/><span style=\"color: #ffffff;\">ET SURTOUT VOTRE DATE DE NAISSANCE<\/span><br \/><span style=\"color: #ffffff;\">(nom, pr\u00e9nom, adresse, carte d&rsquo;identit\u00e9, date de naissance, etc.)<\/span><br \/><span style=\"color: #ec1c24;\">de fa\u00e7on \u00e0 vous \u00e9viter des d\u00e9sagr\u00e9ments lors de vos parties de p\u00eache.<\/span><\/p>\n<p>[\/et_pb_blurb][\/et_pb_column][\/et_pb_row][et_pb_row column_structure=\u00a0\u00bb1_2,1_2&Prime; use_custom_gutter=\u00a0\u00bbon\u00a0\u00bb gutter_width=\u00a0\u00bb1&Prime; make_equal=\u00a0\u00bbon\u00a0\u00bb _builder_version=\u00a0\u00bb4.16&Prime; _module_preset=\u00a0\u00bbdefault\u00a0\u00bb background_color=\u00a0\u00bb#f2f2f2&Prime; width=\u00a0\u00bb100%\u00a0\u00bb max_width=\u00a0\u00bb100%\u00a0\u00bb module_alignment=\u00a0\u00bbcenter\u00a0\u00bb custom_margin=\u00a0\u00bb-9px|auto||auto|false|false\u00a0\u00bb custom_padding=\u00a0\u00bb0px||0px|||\u00a0\u00bb locked=\u00a0\u00bboff\u00a0\u00bb global_colors_info=\u00a0\u00bb{}\u00a0\u00bb][et_pb_column type=\u00a0\u00bb1_2&Prime; _builder_version=\u00a0\u00bb4.16&Prime; _module_preset=\u00a0\u00bbdefault\u00a0\u00bb background_color=\u00a0\u00bb#e6e6e6&Prime; global_colors_info=\u00a0\u00bb{}\u00a0\u00bb][et_pb_text _builder_version=\u00a0\u00bb4.16&Prime; _module_preset=\u00a0\u00bbdefault\u00a0\u00bb text_text_color=\u00a0\u00bb#FFFFFF\u00a0\u00bb text_line_height=\u00a0\u00bb1.9em\u00a0\u00bb header_3_text_color=\u00a0\u00bb#000000&Prime; header_3_font_size=\u00a0\u00bb23px\u00a0\u00bb header_3_letter_spacing=\u00a0\u00bb3px\u00a0\u00bb background_color=\u00a0\u00bb#e6e6e6&Prime; custom_padding=\u00a0\u00bb80px|100px|80px|381px|true|false\u00a0\u00bb custom_padding_tablet=\u00a0\u00bb|100px||100px|true|false\u00a0\u00bb custom_padding_phone=\u00a0\u00bb87px|10px|0px|10px|false|true\u00a0\u00bb custom_padding_last_edited=\u00a0\u00bbon|phone\u00a0\u00bb global_colors_info=\u00a0\u00bb{}\u00a0\u00bb]<\/p>\n<h3 style=\"text-align: right;\">COMMENT UTILISER<br \/>LE CARNET DE P\u00caCHE\u2009?<\/h3>\n<h3 style=\"text-align: right;\">\u2014<\/h3>\n<p style=\"text-align: right;\"><span style=\"color: #000000;\">1) Avant de commencer votre partie de p\u00eache, veuillez cocher la case de la date correspondante \u00e0 votre journ\u00e9e de p\u00eache.<\/span><br \/><span style=\"color: #000000;\">2) Lors de chaque prise CONSERV\u00c9E, veuillez cocher dans la case \u00ab\u2009truite\u2009\u00bb\u00a0 (5 prises maximum)<\/span>.<\/p>\n<p style=\"text-align: right;\">\n<p>[\/et_pb_text][\/et_pb_column][et_pb_column type=\u00a0\u00bb1_2&Prime; _builder_version=\u00a0\u00bb4.16&Prime; _module_preset=\u00a0\u00bbdefault\u00a0\u00bb background_color=\u00a0\u00bb#e6e6e6&Prime; custom_padding=\u00a0\u00bb||0px||false|false\u00a0\u00bb global_colors_info=\u00a0\u00bb{}\u00a0\u00bb][et_pb_image src=\u00a0\u00bbhttps:\/\/www.latruitehouffalize.be\/wp-content\/uploads\/2026\/02\/La-Truite-Permis-2026-e1771065199990.png\u00a0\u00bb _builder_version=\u00a0\u00bb4.27.5&Prime; _module_preset=\u00a0\u00bbdefault\u00a0\u00bb title_text=\u00a0\u00bbLa-Truite-Permis-2026&Prime; hover_enabled=\u00a0\u00bb0&Prime; sticky_enabled=\u00a0\u00bb0&Prime;][\/et_pb_image][\/et_pb_column][\/et_pb_row][\/et_pb_section][et_pb_section fb_built=\u00a0\u00bb1&Prime; _builder_version=\u00a0\u00bb4.16&Prime; _module_preset=\u00a0\u00bbdefault\u00a0\u00bb custom_padding=\u00a0\u00bb0px||0px|||\u00a0\u00bb global_colors_info=\u00a0\u00bb{}\u00a0\u00bb][et_pb_row column_structure=\u00a0\u00bb1_2,1_2&Prime; use_custom_gutter=\u00a0\u00bbon\u00a0\u00bb gutter_width=\u00a0\u00bb1&Prime; make_equal=\u00a0\u00bbon\u00a0\u00bb _builder_version=\u00a0\u00bb4.16&Prime; _module_preset=\u00a0\u00bbdefault\u00a0\u00bb custom_padding=\u00a0\u00bb0px||0px|||\u00a0\u00bb global_colors_info=\u00a0\u00bb{}\u00a0\u00bb][et_pb_column type=\u00a0\u00bb1_2&Prime; _builder_version=\u00a0\u00bb4.16&Prime; _module_preset=\u00a0\u00bbdefault\u00a0\u00bb global_colors_info=\u00a0\u00bb{}\u00a0\u00bb][et_pb_image src=\u00a0\u00bbhttps:\/\/www.latruitehouffalize.be\/wp-content\/uploads\/2021\/11\/permis-svg.png\u00a0\u00bb title_text=\u00a0\u00bbpermis-svg\u00a0\u00bb align=\u00a0\u00bbcenter\u00a0\u00bb _builder_version=\u00a0\u00bb4.16&Prime; _module_preset=\u00a0\u00bbdefault\u00a0\u00bb custom_padding=\u00a0\u00bb32px||32px|25px|true|false\u00a0\u00bb global_colors_info=\u00a0\u00bb{}\u00a0\u00bb][\/et_pb_image][et_pb_text _builder_version=\u00a0\u00bb4.16&Prime; _module_preset=\u00a0\u00bbdefault\u00a0\u00bb header_3_font=\u00a0\u00bb|||on|||||\u00a0\u00bb header_3_text_align=\u00a0\u00bbcenter\u00a0\u00bb header_3_text_color=\u00a0\u00bb#EC1C00&Prime; header_3_letter_spacing=\u00a0\u00bb3px\u00a0\u00bb global_colors_info=\u00a0\u00bb{}\u00a0\u00bb]<\/p>\n<h3>PERMIS R\u00e9GIONAL WALLON<\/h3>\n<p style=\"text-align: center;\"><span style=\"color: #ec1c00;\">ATTENTION POSSIBILITE DE MODIFICATIONS<\/span><\/p>\n<p style=\"text-align: center;\"><span style=\"color: #000000;\">ATTENTION : vous devez commander votre premis via le site<\/span><br \/><span style=\"color: #ec1c00; font-size: x-large;\"><a href=\"http:\/\/www.permisdepeche.be\" style=\"color: #ec1c00;\">www.permisdepeche.be<\/a><\/span><\/p>\n<p style=\"text-align: center;\"><span style=\"color: #000000;\"><strong>\u2022 P\u00caCHE EN P\u00c9N\u00c9TRANT DANS LE COURS D&rsquo;EAU \u2022<\/strong><\/span><br \/><span style=\"color: #ec1c00;\"><strong>45 \u20ac<\/strong><\/span><\/p>\n<p style=\"text-align: center;\"><span style=\"color: #000000;\"><strong>\u2022 P\u00caCHE DU BORD DE L&rsquo;EAU UNIQUEMENT \u2022 <\/strong><\/span><br \/><span style=\"color: #ec1c00;\"><strong>20 \u20ac<\/strong><\/span><\/p>\n<p style=\"text-align: center;\"><span style=\"color: #000000;\"><strong>\u2022 P\u00caCHE ENFANT* DE MOINS DE 15 ANS \u2022<\/strong><\/span><br \/><span style=\"color: #ec1c00;\"><strong>Gratuit<\/strong><\/span><\/p>\n<p>[\/et_pb_text][et_pb_text _builder_version=\u00a0\u00bb4.16&Prime; _module_preset=\u00a0\u00bbdefault\u00a0\u00bb text_font=\u00a0\u00bb|||on|||||\u00a0\u00bb text_text_color=\u00a0\u00bb#EC1C00&Prime; text_orientation=\u00a0\u00bbcenter\u00a0\u00bb custom_padding=\u00a0\u00bb|65px||65px|true|true\u00a0\u00bb custom_padding_tablet=\u00a0\u00bb|65px||65px|true|true\u00a0\u00bb custom_padding_phone=\u00a0\u00bb|10px||10px|true|true\u00a0\u00bb custom_padding_last_edited=\u00a0\u00bbon|phone\u00a0\u00bb global_colors_info=\u00a0\u00bb{}\u00a0\u00bb]<\/p>\n<p>\u00c0 L&rsquo;ACHAT DE VOTRE PERMIS REGIONAL,<br \/>MERCI DE COCHER \u00ab\u2009F\u00c9D\u00c9RATION DU SOUS-BAsSIN DE L\u2019OURTHE\u2009\u00bb SUR L\u2019ORIGINAL DU PERMIS.<\/p>\n<p>[\/et_pb_text][et_pb_text _builder_version=\u00a0\u00bb4.16&Prime; _module_preset=\u00a0\u00bbdefault\u00a0\u00bb text_font=\u00a0\u00bb|300|on||||||\u00a0\u00bb text_text_color=\u00a0\u00bb#005852&Prime; text_orientation=\u00a0\u00bbcenter\u00a0\u00bb custom_padding=\u00a0\u00bb28px|65px|0px|65px|false|true\u00a0\u00bb custom_padding_tablet=\u00a0\u00bb||28px||false|true\u00a0\u00bb custom_padding_phone=\u00a0\u00bb|10px||10px|false|true\u00a0\u00bb custom_padding_last_edited=\u00a0\u00bbon|tablet\u00a0\u00bb global_colors_info=\u00a0\u00bb{}\u00a0\u00bb]<\/p>\n<p>*Le permis de la r\u00e9gion wallonne est gratuit pour les enfants de moins de 15 ans. Il autorise la p\u00eache de jour avec une seule ligne \u00e0 main munie d\u2019un hame\u00e7on simple sans ardillon ou \u00e0 ardillon \u00e9cras\u00e9, du bord de l\u2019eau uniquement ainsi que l\u2019usage de l\u2019\u00e9puisette et la p\u00eache avec au plus une balance \u00e0 \u00e9crevisses.<br \/><span style=\"font-size: large;\"><strong>Il ne dispense pas de l\u2019acquisition du carnet de p\u00eache enfant.<\/strong><\/span><\/p>\n<p>[\/et_pb_text][\/et_pb_column][et_pb_column type=\u00a0\u00bb1_2&Prime; _builder_version=\u00a0\u00bb4.16&Prime; _module_preset=\u00a0\u00bbdefault\u00a0\u00bb global_colors_info=\u00a0\u00bb{}\u00a0\u00bb][et_pb_image src=\u00a0\u00bbhttps:\/\/www.latruitehouffalize.be\/wp-content\/uploads\/2021\/11\/permis-poisson.jpg\u00a0\u00bb title_text=\u00a0\u00bbpermis-poisson\u00a0\u00bb _builder_version=\u00a0\u00bb4.16&Prime; _module_preset=\u00a0\u00bbdefault\u00a0\u00bb global_colors_info=\u00a0\u00bb{}\u00a0\u00bb][\/et_pb_image][\/et_pb_column][\/et_pb_row][\/et_pb_section]<\/p>\n","protected":false},"excerpt":{"rendered":"<p>Permis &#038; Carnet de p\u00eache \u00a0 \u00a0\u00a0 Les prix comprennent le \u00ab timbre \u00bb (6 \u20ac) de la F\u00e9d\u00e9ration Sportive des P\u00eacheurs Francophone de Belgique et la cotisation (1 \u20ac) de la F\u00e9d\u00e9ration des P\u00eacheurs de l&rsquo;Ourthe. \u2022 PARCOURS G\u00c9N\u00c9RAL ANNUEL \u2022(Ourthe hors NO-KILL + ruisseaux) : 80 \u20ac \u2022 PARCOURS G\u00c9N\u00c9RAL 14 JOURS CONSECUTIFS [&hellip;]<\/p>\n","protected":false},"author":1,"featured_media":0,"parent":0,"menu_order":0,"comment_status":"closed","ping_status":"closed","template":"","meta":{"_et_pb_use_builder":"on","_et_pb_old_content":"","_et_gb_content_width":"","footnotes":""},"class_list":["post-116","page","type-page","status-publish","hentry"],"_links":{"self":[{"href":"https:\/\/www.latruitehouffalize.be\/fr\/wp-json\/wp\/v2\/pages\/116","targetHints":{"allow":["GET"]}}],"collection":[{"href":"https:\/\/www.latruitehouffalize.be\/fr\/wp-json\/wp\/v2\/pages"}],"about":[{"href":"https:\/\/www.latruitehouffalize.be\/fr\/wp-json\/wp\/v2\/types\/page"}],"author":[{"embeddable":true,"href":"https:\/\/www.latruitehouffalize.be\/fr\/wp-json\/wp\/v2\/users\/1"}],"replies":[{"embeddable":true,"href":"https:\/\/www.latruitehouffalize.be\/fr\/wp-json\/wp\/v2\/comments?post=116"}],"version-history":[{"count":27,"href":"https:\/\/www.latruitehouffalize.be\/fr\/wp-json\/wp\/v2\/pages\/116\/revisions"}],"predecessor-version":[{"id":1252,"href":"https:\/\/www.latruitehouffalize.be\/fr\/wp-json\/wp\/v2\/pages\/116\/revisions\/1252"}],"wp:attachment":[{"href":"https:\/\/www.latruitehouffalize.be\/fr\/wp-json\/wp\/v2\/media?parent=116"}],"curies":[{"name":"wp","href":"https:\/\/api.w.org\/{rel}","templated":true}]}}