{"id":162,"date":"2021-11-06T20:38:36","date_gmt":"2021-11-06T20:38:36","guid":{"rendered":"https:\/\/www.latruitehouffalize.be\/?page_id=162"},"modified":"2025-12-21T10:50:28","modified_gmt":"2025-12-21T09:50:28","slug":"ecrevisses","status":"publish","type":"page","link":"https:\/\/www.latruitehouffalize.be\/fr\/ecrevisses\/","title":{"rendered":"\u00c9crevisses"},"content":{"rendered":"<p>[et_pb_section fb_built=\u00a0\u00bb1&Prime; custom_padding_last_edited=\u00a0\u00bbon|phone\u00a0\u00bb _builder_version=\u00a0\u00bb4.16&Prime; _module_preset=\u00a0\u00bbdefault\u00a0\u00bb background_color=\u00a0\u00bbRGBA(0,0,0,0)\u00a0\u00bb background_image=\u00a0\u00bbhttps:\/\/www.latruitehouffalize.be\/wp-content\/uploads\/2021\/11\/ecrevisse-fond.jpg\u00a0\u00bb custom_padding=\u00a0\u00bb11px||117px||false|\u00a0\u00bb custom_padding_tablet=\u00a0\u00bb75px||75px||false|false\u00a0\u00bb custom_padding_phone=\u00a0\u00bb50px||50px||false|false\u00a0\u00bb global_colors_info=\u00a0\u00bb{}\u00a0\u00bb][et_pb_row custom_padding_last_edited=\u00a0\u00bbon|phone\u00a0\u00bb _builder_version=\u00a0\u00bb4.16&Prime; _module_preset=\u00a0\u00bbdefault\u00a0\u00bb min_height=\u00a0\u00bb187px\u00a0\u00bb custom_padding=\u00a0\u00bb172px|||||\u00a0\u00bb custom_padding_tablet=\u00a0\u00bb28px||||false|false\u00a0\u00bb custom_padding_phone=\u00a0\u00bb28px||||false|false\u00a0\u00bb global_colors_info=\u00a0\u00bb{}\u00a0\u00bb][et_pb_column type=\u00a0\u00bb4_4&Prime; _builder_version=\u00a0\u00bb4.16&Prime; _module_preset=\u00a0\u00bbdefault\u00a0\u00bb global_colors_info=\u00a0\u00bb{}\u00a0\u00bb][et_pb_text quote_border_color=\u00a0\u00bb#FFFFFF\u00a0\u00bb _builder_version=\u00a0\u00bb4.16&Prime; _module_preset=\u00a0\u00bbdefault\u00a0\u00bb text_font=\u00a0\u00bb|700|||||||\u00a0\u00bb text_text_color=\u00a0\u00bb#EC1C00&Prime; text_font_size=\u00a0\u00bb15px\u00a0\u00bb header_font=\u00a0\u00bb|800||on|||||\u00a0\u00bb header_text_align=\u00a0\u00bbright\u00a0\u00bb header_font_size=\u00a0\u00bb60px\u00a0\u00bb header_2_font_size=\u00a0\u00bb32px\u00a0\u00bb header_3_font_size=\u00a0\u00bb1px\u00a0\u00bb header_3_letter_spacing=\u00a0\u00bb2px\u00a0\u00bb header_3_line_height=\u00a0\u00bb1.5em\u00a0\u00bb width=\u00a0\u00bb92.9%\u00a0\u00bb width_tablet=\u00a0\u00bb100%\u00a0\u00bb width_phone=\u00a0\u00bb100%\u00a0\u00bb width_last_edited=\u00a0\u00bbon|tablet\u00a0\u00bb custom_margin=\u00a0\u00bb|82px||||\u00a0\u00bb custom_margin_tablet=\u00a0\u00bb|0px|||false|false\u00a0\u00bb custom_margin_phone=\u00a0\u00bb|0px|||false|false\u00a0\u00bb custom_margin_last_edited=\u00a0\u00bbon|tablet\u00a0\u00bb custom_padding=\u00a0\u00bb3px|0px||||\u00a0\u00bb header_font_size_tablet=\u00a0\u00bb69px\u00a0\u00bb header_font_size_phone=\u00a0\u00bb32px\u00a0\u00bb header_font_size_last_edited=\u00a0\u00bbon|tablet\u00a0\u00bb inline_fonts=\u00a0\u00bbLato\u00a0\u00bb global_colors_info=\u00a0\u00bb{}\u00a0\u00bb]<\/p>\n<h1 style=\"text-align: right;\"><span style=\"color: #ffffff; font-weight: 800;\">\u00e9crevisses<\/span><\/h1>\n<p>&nbsp;<\/p>\n<p>[\/et_pb_text][\/et_pb_column][\/et_pb_row][\/et_pb_section][et_pb_section fb_built=\u00a0\u00bb1&Prime; _builder_version=\u00a0\u00bb4.16&Prime; _module_preset=\u00a0\u00bbdefault\u00a0\u00bb overflow-x=\u00a0\u00bbhidden\u00a0\u00bb overflow-y=\u00a0\u00bbhidden\u00a0\u00bb custom_padding=\u00a0\u00bb0px||0px|||\u00a0\u00bb global_colors_info=\u00a0\u00bb{}\u00a0\u00bb][et_pb_row _builder_version=\u00a0\u00bb4.16&Prime; _module_preset=\u00a0\u00bbdefault\u00a0\u00bb background_color=\u00a0\u00bb#FFFFFF\u00a0\u00bb width=\u00a0\u00bb100%\u00a0\u00bb max_width=\u00a0\u00bb100%\u00a0\u00bb module_alignment=\u00a0\u00bbcenter\u00a0\u00bb custom_margin=\u00a0\u00bb0px|auto||auto|false|false\u00a0\u00bb custom_padding=\u00a0\u00bb0px||57px||false|false\u00a0\u00bb global_colors_info=\u00a0\u00bb{}\u00a0\u00bb][et_pb_column type=\u00a0\u00bb4_4&Prime; _builder_version=\u00a0\u00bb4.16&Prime; _module_preset=\u00a0\u00bbdefault\u00a0\u00bb custom_padding=\u00a0\u00bb60px||0px||false|false\u00a0\u00bb global_colors_info=\u00a0\u00bb{}\u00a0\u00bb][et_pb_image src=\u00a0\u00bbhttps:\/\/www.latruitehouffalize.be\/wp-content\/uploads\/2021\/11\/ecrevisse-svglogo.png\u00a0\u00bb title_text=\u00a0\u00bbecrevisse-svglogo\u00a0\u00bb align=\u00a0\u00bbcenter\u00a0\u00bb align_tablet=\u00a0\u00bbcenter\u00a0\u00bb align_phone=\u00a0\u00bbcenter\u00a0\u00bb align_last_edited=\u00a0\u00bbon|tablet\u00a0\u00bb _builder_version=\u00a0\u00bb4.16&Prime; _module_preset=\u00a0\u00bbdefault\u00a0\u00bb width=\u00a0\u00bb100%\u00a0\u00bb width_tablet=\u00a0\u00bb100%\u00a0\u00bb width_phone=\u00a0\u00bb100%\u00a0\u00bb width_last_edited=\u00a0\u00bbon|desktop\u00a0\u00bb module_alignment=\u00a0\u00bbcenter\u00a0\u00bb custom_margin=\u00a0\u00bb||12px|0px|false|false\u00a0\u00bb global_colors_info=\u00a0\u00bb{}\u00a0\u00bb][\/et_pb_image][et_pb_text _builder_version=\u00a0\u00bb4.16&Prime; _module_preset=\u00a0\u00bbdefault\u00a0\u00bb text_font=\u00a0\u00bb||||||||\u00a0\u00bb header_3_font=\u00a0\u00bb|800||on|||||\u00a0\u00bb header_3_text_color=\u00a0\u00bb#005852&Prime; header_3_letter_spacing=\u00a0\u00bb2px\u00a0\u00bb header_4_text_color=\u00a0\u00bb#EC1C24&Prime; header_4_font_size=\u00a0\u00bb23px\u00a0\u00bb header_4_letter_spacing=\u00a0\u00bb2px\u00a0\u00bb header_5_font=\u00a0\u00bb|600|||||||\u00a0\u00bb header_5_text_color=\u00a0\u00bb#000000&Prime; header_5_font_size=\u00a0\u00bb14px\u00a0\u00bb text_orientation=\u00a0\u00bbcenter\u00a0\u00bb width=\u00a0\u00bb75.9%\u00a0\u00bb width_tablet=\u00a0\u00bb100%\u00a0\u00bb width_phone=\u00a0\u00bb90%\u00a0\u00bb width_last_edited=\u00a0\u00bbon|tablet\u00a0\u00bb module_alignment=\u00a0\u00bbcenter\u00a0\u00bb custom_padding=\u00a0\u00bb9px||9px||true|false\u00a0\u00bb locked=\u00a0\u00bboff\u00a0\u00bb global_colors_info=\u00a0\u00bb{}\u00a0\u00bb]<\/p>\n<h3>P\u00eache \u00e0 l\u2019\u00e9crevisse<\/h3>\n<div style=\"width: 15px; height: 1px; margin: 7px auto 20px auto; background: #ec1c24;\"><\/div>\n<p><span style=\"color: #000000;\">Notre rivi\u00e8re et nos ruisseaux sont envahis d\u2019\u00e9crevisses dites \u00ab\u2009am\u00e9ricaines\u2009\u00bb ou du \u00ab Pacifique\u2009\u00bb (Pacitentacus leniusculus).<\/span><br \/><span style=\"color: #000000;\">Contrairement \u00e0 ce que certains p\u00eacheurs pensent, leur p\u00eache est autoris\u00e9e depuis l\u2019ouverture de la p\u00eache \u00e0 la truite jusqu\u2019au 30 septembre sur tous nos cours d\u2019eau.<\/span><\/p>\n<p><span style=\"color: #000000;\">Il s\u2019agit en fait d\u2019une esp\u00e8ce introduite accidentellement contrairement \u00e0 l\u2019\u00e9crevisse dite \u00ab\u2009\u00e0 pattes rouges\u2009\u00bb (Astacus astacus) qui est de nos r\u00e9gions et est totalement prot\u00e9g\u00e9e (interdiction de p\u00eache). L\u2019\u00e9crevisse am\u00e9ricaine est facilement reconnaissable aux taches blanches situ\u00e9es \u00e0 l\u2019articulation des pinces. D\u2019autre part, l\u2019\u00e9crevisse \u00e0 pattes rouges ayant presque totalement disparu de nos cours d\u2019eau, il y peu de chance de les confondre.\u00a0<\/span><\/p>\n<p><span style=\"color: #ec1c00;\">La p\u00eache de l\u2019\u00e9crevisse du Pacifique est autoris\u00e9e sur nos parcours de l\u2019ouverture de la p\u00eache \u00e0 la truite jusqu\u2019au 30 septembre, soit \u00e0 l\u2019hame\u00e7on simple (n\u00b02 minimum) soit \u00e0 la \u00ab\u2009balance\u2009\u00bb.<\/span><\/p>\n<p><span style=\"color: #ec1c00;\"><strong>5 BALANCES MAXIMUM AUTORIS\u00c9ES PAR P\u00caCHEUR.<\/strong><\/span><br \/><span style=\"color: #ec1c00;\"><strong>PERMIS \u00ab\u2009B\u2009\u00bb DE LA R\u00c9GION WALLONNE OBLIGATOIRE.<\/strong><\/span><\/p>\n<p>[\/et_pb_text][\/et_pb_column][\/et_pb_row][\/et_pb_section]<\/p>\n","protected":false},"excerpt":{"rendered":"<p>\u00e9crevisses &nbsp;P\u00eache \u00e0 l\u2019\u00e9crevisse Notre rivi\u00e8re et nos ruisseaux sont envahis d\u2019\u00e9crevisses dites \u00ab\u2009am\u00e9ricaines\u2009\u00bb ou du \u00ab Pacifique\u2009\u00bb (Pacitentacus leniusculus).Contrairement \u00e0 ce que certains p\u00eacheurs pensent, leur p\u00eache est autoris\u00e9e depuis l\u2019ouverture de la p\u00eache \u00e0 la truite jusqu\u2019au 30 septembre sur tous nos cours d\u2019eau. Il s\u2019agit en fait d\u2019une esp\u00e8ce introduite accidentellement contrairement [&hellip;]<\/p>\n","protected":false},"author":1,"featured_media":0,"parent":0,"menu_order":0,"comment_status":"closed","ping_status":"closed","template":"","meta":{"_et_pb_use_builder":"on","_et_pb_old_content":"","_et_gb_content_width":"","footnotes":""},"class_list":["post-162","page","type-page","status-publish","hentry"],"_links":{"self":[{"href":"https:\/\/www.latruitehouffalize.be\/fr\/wp-json\/wp\/v2\/pages\/162","targetHints":{"allow":["GET"]}}],"collection":[{"href":"https:\/\/www.latruitehouffalize.be\/fr\/wp-json\/wp\/v2\/pages"}],"about":[{"href":"https:\/\/www.latruitehouffalize.be\/fr\/wp-json\/wp\/v2\/types\/page"}],"author":[{"embeddable":true,"href":"https:\/\/www.latruitehouffalize.be\/fr\/wp-json\/wp\/v2\/users\/1"}],"replies":[{"embeddable":true,"href":"https:\/\/www.latruitehouffalize.be\/fr\/wp-json\/wp\/v2\/comments?post=162"}],"version-history":[{"count":11,"href":"https:\/\/www.latruitehouffalize.be\/fr\/wp-json\/wp\/v2\/pages\/162\/revisions"}],"predecessor-version":[{"id":1013,"href":"https:\/\/www.latruitehouffalize.be\/fr\/wp-json\/wp\/v2\/pages\/162\/revisions\/1013"}],"wp:attachment":[{"href":"https:\/\/www.latruitehouffalize.be\/fr\/wp-json\/wp\/v2\/media?parent=162"}],"curies":[{"name":"wp","href":"https:\/\/api.w.org\/{rel}","templated":true}]}}