{"id":514,"date":"2021-12-17T11:50:16","date_gmt":"2021-12-17T10:50:16","guid":{"rendered":"https:\/\/www.latruitehouffalize.be\/?page_id=514"},"modified":"2021-12-17T17:40:56","modified_gmt":"2021-12-17T16:40:56","slug":"rgpd","status":"publish","type":"page","link":"https:\/\/www.latruitehouffalize.be\/fr\/rgpd\/","title":{"rendered":"REGLEMENT GENERAL SUR LA PROTECTION DES DONNEES &#8211; RGPD"},"content":{"rendered":"<p>[et_pb_section fb_built=\u00a0\u00bb1&Prime; _builder_version=\u00a0\u00bb4.14.2&Prime; _module_preset=\u00a0\u00bbdefault\u00a0\u00bb global_colors_info=\u00a0\u00bb{}\u00a0\u00bb][et_pb_row _builder_version=\u00a0\u00bb4.14.2&Prime; _module_preset=\u00a0\u00bbdefault\u00a0\u00bb custom_padding=\u00a0\u00bb|||40px||\u00a0\u00bb global_colors_info=\u00a0\u00bb{}\u00a0\u00bb][et_pb_column type=\u00a0\u00bb4_4&Prime; _builder_version=\u00a0\u00bb4.14.2&Prime; _module_preset=\u00a0\u00bbdefault\u00a0\u00bb global_colors_info=\u00a0\u00bb{}\u00a0\u00bb][et_pb_text _builder_version=\u00a0\u00bb4.14.2&Prime; _module_preset=\u00a0\u00bbdefault\u00a0\u00bb custom_padding=\u00a0\u00bb41px|||||\u00a0\u00bb global_colors_info=\u00a0\u00bb{}\u00a0\u00bb]<\/p>\n<p style=\"text-align: center;\"><strong><em><u>REGLEMENT GENERAL SUR LA PROTECTION DES DONNEES &#8211; RGPD<\/u><\/em><\/strong><\/p>\n<p>Dans le cadre de la mise en place du R\u00e8glement G\u00e9n\u00e9ral sur la Protection des Donn\u00e9es (RGPD) par l\u2019Union Europ\u00e9enne applicable \u00e0 partir du 25 mai 2018, nous vous informons que nous avons mis \u00e0 jour notre politique de protection des donn\u00e9es personnelles et que nous nous engageons \u00e0 respecter la confidentialit\u00e9 des donn\u00e9es collect\u00e9es parce que votre adresse est reprise dans notre base de donn\u00e9es. Nous vous envoyons r\u00e9guli\u00e8rement des informations sur nos activit\u00e9s. Nous pouvons vous garantir que les donn\u00e9es personnelles en notre possession ne sont utilis\u00e9es que pour vous tenir inform\u00e9s de nos actualit\u00e9s et pour r\u00e9pondre \u00e0 vos demandes concernant les services que nous vous procurons en relation avec l&rsquo;objet social de notre ASBL.<\/p>\n<p>Notre politique de protection des donn\u00e9es est conforme au RGPD et nous vous invitons \u00e0 consulter notre d\u00e9claration de confidentialit\u00e9 accessible ci-dessous sur notre site pour en savoir plus \u00e0 ce sujet.<\/p>\n<p>Si vous ne souhaitez plus recevoir d&rsquo;informations de notre part, nous vous invitons \u00e0 vous d\u00e9sinscrire en nous le communicant via notre adresse mail.<\/p>\n<p>\u00a0<strong>\u00ab\u00a0Mentions l\u00e9gales &#8211; Politique de confidentialit\u00e9\u00a0\u00bb<\/strong><\/p>\n<p>L\u2019ASBL La TRUITE Houffalize respecte votre vie priv\u00e9e et prend le traitement de vos donn\u00e9es personnelles tr\u00e8s au s\u00e9rieux. Nous veillons, de plus, \u00e0 ce que chaque traitement soit conforme aux l\u00e9gislations et r\u00e9glementations\u00a0en vigueur.<\/p>\n<ol>\n<li><strong> Collecte de l\u2019information<\/strong><\/li>\n<\/ol>\n<p>ASBL La TRUITE Houffalize recueille des donn\u00e9es personnelles lorsque vous vous affiliez \u00e0 notre association, ou participez \u00e0 une activit\u00e9, ou lors de toutes autres demandes de services. En fonction du contact que nous avons ou du service que vous nous demandez, nous collectons diff\u00e9rents types de donn\u00e9es personnelles telles que votre nom, votre pr\u00e9nom, votre adresse e-mail, votre num\u00e9ro de t\u00e9l\u00e9phone, votre adresse postale, votre date de naissance. Lors de demande ou d&rsquo;activit\u00e9 particuli\u00e8re, nous pouvons \u00e9galement vous demander des informations sp\u00e9cifiques \u00e0 leur bonne ex\u00e9cution.<\/p>\n<ol start=\"2\">\n<li><strong> Utilisation des informations<\/strong><\/li>\n<\/ol>\n<p>Toutes les informations que l&rsquo;ASBL recueille aupr\u00e8s de vous peuvent \u00eatre utilis\u00e9es pour :<\/p>\n<ul>\n<li>Fournir de l\u2019information ;<\/li>\n<li>R\u00e9pondre \u00e0 un service demand\u00e9 par vous et l\u2019ex\u00e9cuter ;<\/li>\n<li>Vous envoyer notre programme et r\u00e8glement<\/li>\n<li>Am\u00e9liorer notre site Web ;<\/li>\n<li>Vous contacter \u00e9ventuellement par e-mail ;<\/li>\n<\/ul>\n<ol start=\"3\">\n<li><strong> Confidentialit\u00e9 et divulgation \u00e0 des tiers<\/strong><\/li>\n<\/ol>\n<p>L&rsquo;ASBL La TRUITE est la seule d\u00e9tentrice des informations recueillies<strong>.<\/strong> Vos informations personnelles ne seront jamais vendues, \u00e9chang\u00e9es, ou donn\u00e9es \u00e0 des tiers \u00e0 des fins commerciales.<\/p>\n<p>L&rsquo;ASBL communique uniquement vos donn\u00e9es \u00e0 des tiers ou prestataires lorsque c\u2019est n\u00e9cessaire \u00e0 la fourniture d&rsquo;information ou \u00e0 l\u2019ex\u00e9cution d\u2019un service souhait\u00e9. \u00a0Cependant l\u2019ASBL La TRUITE Houffalize estime qu\u2019il est n\u00e9cessaire de partager des informations afin d\u2019enqu\u00eater, de pr\u00e9venir ou de prendre des mesures concernant des activit\u00e9s ill\u00e9gales, fraudes pr\u00e9sum\u00e9es, situations impliquant des menaces potentielles \u00e0 la s\u00e9curit\u00e9 physique de toute personne, violations de nos conditions d\u2019utilisation, ou quand la loi nous y contraint.<\/p>\n<ol start=\"4\">\n<li><strong> Protection des informations<\/strong><\/li>\n<\/ol>\n<p>L&rsquo;ASBL met en \u0153uvre les mesures ad\u00e9quates pour pr\u00e9server la s\u00e9curit\u00e9 de vos informations personnelles. Seules les personnes qui ont besoin d\u2019effectuer un travail sp\u00e9cifique ont acc\u00e8s aux informations personnelles identifiables. Les ordinateurs et serveurs utilis\u00e9s pour stocker des informations personnelles identifiables sont conserv\u00e9s dans un environnement s\u00e9curis\u00e9.<\/p>\n<ol start=\"5\">\n<li><strong> Vos droits<\/strong><\/li>\n<\/ol>\n<p>Vous disposez \u00e0 tout moment du droit gratuit d\u2019acc\u00e8s et de rectification des donn\u00e9es ainsi que du droit d\u2019opposition. Pour ce faire, vous pouvez adresser \u00e0 l&rsquo;ASBL une requ\u00eate par e-mail ou courrier.<\/p>\n<p>[\/et_pb_text][\/et_pb_column][\/et_pb_row][\/et_pb_section]<\/p>\n","protected":false},"excerpt":{"rendered":"<p>REGLEMENT GENERAL SUR LA PROTECTION DES DONNEES &#8211; RGPD Dans le cadre de la mise en place du R\u00e8glement G\u00e9n\u00e9ral sur la Protection des Donn\u00e9es (RGPD) par l\u2019Union Europ\u00e9enne applicable \u00e0 partir du 25 mai 2018, nous vous informons que nous avons mis \u00e0 jour notre politique de protection des donn\u00e9es personnelles et que nous [&hellip;]<\/p>\n","protected":false},"author":2,"featured_media":0,"parent":0,"menu_order":0,"comment_status":"closed","ping_status":"closed","template":"","meta":{"_et_pb_use_builder":"on","_et_pb_old_content":"","_et_gb_content_width":"","footnotes":""},"class_list":["post-514","page","type-page","status-publish","hentry"],"_links":{"self":[{"href":"https:\/\/www.latruitehouffalize.be\/fr\/wp-json\/wp\/v2\/pages\/514","targetHints":{"allow":["GET"]}}],"collection":[{"href":"https:\/\/www.latruitehouffalize.be\/fr\/wp-json\/wp\/v2\/pages"}],"about":[{"href":"https:\/\/www.latruitehouffalize.be\/fr\/wp-json\/wp\/v2\/types\/page"}],"author":[{"embeddable":true,"href":"https:\/\/www.latruitehouffalize.be\/fr\/wp-json\/wp\/v2\/users\/2"}],"replies":[{"embeddable":true,"href":"https:\/\/www.latruitehouffalize.be\/fr\/wp-json\/wp\/v2\/comments?post=514"}],"version-history":[{"count":4,"href":"https:\/\/www.latruitehouffalize.be\/fr\/wp-json\/wp\/v2\/pages\/514\/revisions"}],"predecessor-version":[{"id":520,"href":"https:\/\/www.latruitehouffalize.be\/fr\/wp-json\/wp\/v2\/pages\/514\/revisions\/520"}],"wp:attachment":[{"href":"https:\/\/www.latruitehouffalize.be\/fr\/wp-json\/wp\/v2\/media?parent=514"}],"curies":[{"name":"wp","href":"https:\/\/api.w.org\/{rel}","templated":true}]}}