{"id":92,"date":"2021-11-06T14:25:30","date_gmt":"2021-11-06T14:25:30","guid":{"rendered":"https:\/\/www.latruitehouffalize.be\/?page_id=92"},"modified":"2025-12-21T10:39:21","modified_gmt":"2025-12-21T09:39:21","slug":"empoissonnements","status":"publish","type":"page","link":"https:\/\/www.latruitehouffalize.be\/fr\/empoissonnements\/","title":{"rendered":"Empoissonnements"},"content":{"rendered":"<p>[et_pb_section fb_built=\u00a0\u00bb1&Prime; custom_padding_last_edited=\u00a0\u00bbon|phone\u00a0\u00bb _builder_version=\u00a0\u00bb4.16&Prime; _module_preset=\u00a0\u00bbdefault\u00a0\u00bb background_color=\u00a0\u00bbRGBA(0,0,0,0)\u00a0\u00bb background_image=\u00a0\u00bbhttps:\/\/www.latruitehouffalize.be\/wp-content\/uploads\/2021\/11\/empoi-poisson.jpg\u00a0\u00bb custom_padding=\u00a0\u00bb11px||117px||false|\u00a0\u00bb custom_padding_tablet=\u00a0\u00bb75px||75px||false|false\u00a0\u00bb custom_padding_phone=\u00a0\u00bb50px||50px||false|false\u00a0\u00bb global_colors_info=\u00a0\u00bb{}\u00a0\u00bb][et_pb_row custom_padding_last_edited=\u00a0\u00bbon|phone\u00a0\u00bb _builder_version=\u00a0\u00bb4.16&Prime; _module_preset=\u00a0\u00bbdefault\u00a0\u00bb min_height=\u00a0\u00bb187px\u00a0\u00bb custom_padding=\u00a0\u00bb172px|||||\u00a0\u00bb custom_padding_tablet=\u00a0\u00bb28px||||false|false\u00a0\u00bb custom_padding_phone=\u00a0\u00bb28px||||false|false\u00a0\u00bb global_colors_info=\u00a0\u00bb{}\u00a0\u00bb][et_pb_column type=\u00a0\u00bb4_4&Prime; _builder_version=\u00a0\u00bb4.16&Prime; _module_preset=\u00a0\u00bbdefault\u00a0\u00bb global_colors_info=\u00a0\u00bb{}\u00a0\u00bb][et_pb_text quote_border_color=\u00a0\u00bb#FFFFFF\u00a0\u00bb _builder_version=\u00a0\u00bb4.16&Prime; _module_preset=\u00a0\u00bbdefault\u00a0\u00bb text_font=\u00a0\u00bb|700|||||||\u00a0\u00bb text_text_color=\u00a0\u00bb#EC1C00&Prime; text_font_size=\u00a0\u00bb15px\u00a0\u00bb header_font=\u00a0\u00bb|800||on|||||\u00a0\u00bb header_text_align=\u00a0\u00bbright\u00a0\u00bb header_font_size=\u00a0\u00bb60px\u00a0\u00bb header_2_font_size=\u00a0\u00bb32px\u00a0\u00bb header_3_font_size=\u00a0\u00bb1px\u00a0\u00bb header_3_letter_spacing=\u00a0\u00bb2px\u00a0\u00bb header_3_line_height=\u00a0\u00bb1.5em\u00a0\u00bb width=\u00a0\u00bb92.9%\u00a0\u00bb width_tablet=\u00a0\u00bb100%\u00a0\u00bb width_phone=\u00a0\u00bb100%\u00a0\u00bb width_last_edited=\u00a0\u00bbon|tablet\u00a0\u00bb custom_margin=\u00a0\u00bb|82px||||\u00a0\u00bb custom_margin_tablet=\u00a0\u00bb|0px|||false|false\u00a0\u00bb custom_margin_phone=\u00a0\u00bb|0px|||false|false\u00a0\u00bb custom_margin_last_edited=\u00a0\u00bbon|tablet\u00a0\u00bb custom_padding=\u00a0\u00bb3px|0px||||\u00a0\u00bb header_font_size_tablet=\u00a0\u00bb69px\u00a0\u00bb header_font_size_phone=\u00a0\u00bb32px\u00a0\u00bb header_font_size_last_edited=\u00a0\u00bbon|tablet\u00a0\u00bb inline_fonts=\u00a0\u00bbLato\u00a0\u00bb global_colors_info=\u00a0\u00bb{}\u00a0\u00bb]<\/p>\n<h1 style=\"text-align: right;\"><span style=\"color: #ffffff; font-weight: 800;\">Empoissonnements<\/span><\/h1>\n<p>&nbsp;<\/p>\n<p>[\/et_pb_text][\/et_pb_column][\/et_pb_row][\/et_pb_section][et_pb_section fb_built=\u00a0\u00bb1&Prime; _builder_version=\u00a0\u00bb4.16&Prime; _module_preset=\u00a0\u00bbdefault\u00a0\u00bb overflow-x=\u00a0\u00bbhidden\u00a0\u00bb overflow-y=\u00a0\u00bbhidden\u00a0\u00bb custom_padding=\u00a0\u00bb0px||0px|||\u00a0\u00bb global_colors_info=\u00a0\u00bb{}\u00a0\u00bb][et_pb_row _builder_version=\u00a0\u00bb4.16&Prime; _module_preset=\u00a0\u00bbdefault\u00a0\u00bb background_color=\u00a0\u00bb#FFFFFF\u00a0\u00bb width=\u00a0\u00bb100%\u00a0\u00bb max_width=\u00a0\u00bb100%\u00a0\u00bb module_alignment=\u00a0\u00bbcenter\u00a0\u00bb custom_margin=\u00a0\u00bb0px|auto||auto|false|false\u00a0\u00bb custom_padding=\u00a0\u00bb0px||0px|||\u00a0\u00bb global_colors_info=\u00a0\u00bb{}\u00a0\u00bb][et_pb_column type=\u00a0\u00bb4_4&Prime; _builder_version=\u00a0\u00bb4.16&Prime; _module_preset=\u00a0\u00bbdefault\u00a0\u00bb custom_padding=\u00a0\u00bb60px||0px||false|false\u00a0\u00bb global_colors_info=\u00a0\u00bb{}\u00a0\u00bb][et_pb_image src=\u00a0\u00bbhttps:\/\/www.latruitehouffalize.be\/wp-content\/uploads\/2021\/11\/empoi-svg.png\u00a0\u00bb title_text=\u00a0\u00bbempoi-svg\u00a0\u00bb align=\u00a0\u00bbcenter\u00a0\u00bb align_tablet=\u00a0\u00bbcenter\u00a0\u00bb align_phone=\u00a0\u00bbcenter\u00a0\u00bb align_last_edited=\u00a0\u00bbon|tablet\u00a0\u00bb _builder_version=\u00a0\u00bb4.16&Prime; _module_preset=\u00a0\u00bbdefault\u00a0\u00bb width=\u00a0\u00bb100%\u00a0\u00bb width_tablet=\u00a0\u00bb100%\u00a0\u00bb width_phone=\u00a0\u00bb100%\u00a0\u00bb width_last_edited=\u00a0\u00bbon|desktop\u00a0\u00bb module_alignment=\u00a0\u00bbcenter\u00a0\u00bb custom_margin=\u00a0\u00bb||0px|0px|false|false\u00a0\u00bb global_colors_info=\u00a0\u00bb{}\u00a0\u00bb][\/et_pb_image][et_pb_text _builder_version=\u00a0\u00bb4.16&Prime; _module_preset=\u00a0\u00bbdefault\u00a0\u00bb text_font=\u00a0\u00bb||||||||\u00a0\u00bb header_3_font=\u00a0\u00bb|800||on|||||\u00a0\u00bb header_3_text_color=\u00a0\u00bb#EC1C24&Prime; header_3_letter_spacing=\u00a0\u00bb2px\u00a0\u00bb header_4_text_color=\u00a0\u00bb#EC1C24&Prime; header_4_font_size=\u00a0\u00bb23px\u00a0\u00bb header_4_letter_spacing=\u00a0\u00bb2px\u00a0\u00bb header_5_font=\u00a0\u00bb|600|||||||\u00a0\u00bb header_5_text_color=\u00a0\u00bb#000000&Prime; header_5_font_size=\u00a0\u00bb14px\u00a0\u00bb text_orientation=\u00a0\u00bbcenter\u00a0\u00bb width=\u00a0\u00bb40%\u00a0\u00bb width_tablet=\u00a0\u00bb100%\u00a0\u00bb width_phone=\u00a0\u00bb100%\u00a0\u00bb width_last_edited=\u00a0\u00bbon|tablet\u00a0\u00bb module_alignment=\u00a0\u00bbcenter\u00a0\u00bb custom_padding=\u00a0\u00bb9px||9px||true|false\u00a0\u00bb locked=\u00a0\u00bboff\u00a0\u00bb global_colors_info=\u00a0\u00bb{}\u00a0\u00bb]<\/p>\n<h3><span style=\"color: #005852;\">EMPOISSONNEMENTS 2026<\/span><\/h3>\n<div style=\"width: 15px; height: 1px; margin: 7px auto 20px auto; background: #ec1c24;\"><\/div>\n<h5>La soci\u00e9t\u00e9 d\u00e9versera minimum 20.000 truites sur ses parcours de p\u00eache.<\/h5>\n<p><span style=\"color: #000000;\">Tous nos d\u00e9versements se feront en truites fario. Les quantit\u00e9s exactes d\u00e9pendront des r\u00e9sultats des soumissions au fonds piscicole et des r\u00e9sultats de la production de nos \u00e9tangs.<\/span><br \/><span style=\"color: #000000;\">Les t\u00eates de ruisseaux seront empoissonn\u00e9es uniquement en alevins et truitelles.<\/span><br \/><span style=\"color: #000000;\">Un lot de truitelles 18\/22 (\u00b1 1000) sera d\u00e9vers\u00e9 au d\u00e9but de l\u2019\u00e9t\u00e9 sur le No-Kill.<\/span><\/p>\n<p><span style=\"color: #ec1c00;\">IL EST INTERDIT DE P\u00caCHER SUR TOUS LES PARCOURS LES JOURS D\u2019EMPOISSONNEMENTS SAUF EN NO-KILL SUR LE PARCOURS NO-KILL.<br \/><\/span><span style=\"color: #ec1c00;\"><\/span><\/p>\n<p><span style=\"color: #ec1c00;\"><\/span><\/p>\n<p><span style=\"color: #ec1c00;\"><span style=\"color: #000000;\">Tous les rendez-vous pour nos empoissonnements sont fix\u00e9s au centre sportif de Houffalize, \u00e0 7h45 pour les empoissonnements des samedis et dimanches et \u00e0 <\/span><\/span><span style=\"color: #000000; font-size: 14px;\">17 h 30 pour ceux des vendredis.<\/span><\/p>\n<p>&nbsp;<\/p>\n<p><span style=\"text-decoration: underline;\"><strong><span style=\"font-size: x-large;\"><\/span><\/strong><\/span><\/p>\n<p>&nbsp;<\/p>\n<p>[\/et_pb_text][et_pb_text _builder_version=\u00a0\u00bb4.16&Prime; _module_preset=\u00a0\u00bbdefault\u00a0\u00bb text_font=\u00a0\u00bb||||||||\u00a0\u00bb text_text_color=\u00a0\u00bb#005852&Prime; header_3_font=\u00a0\u00bb|800||on|||||\u00a0\u00bb header_3_text_color=\u00a0\u00bb#EC1C24&Prime; header_3_letter_spacing=\u00a0\u00bb2px\u00a0\u00bb header_4_text_color=\u00a0\u00bb#005852&Prime; header_4_font_size=\u00a0\u00bb14px\u00a0\u00bb header_5_font=\u00a0\u00bb|600|||||||\u00a0\u00bb header_5_text_color=\u00a0\u00bb#000000&Prime; header_5_font_size=\u00a0\u00bb14px\u00a0\u00bb background_color=\u00a0\u00bb#f2f2f2&Prime; text_orientation=\u00a0\u00bbcenter\u00a0\u00bb width=\u00a0\u00bb50%\u00a0\u00bb width_tablet=\u00a0\u00bb100%\u00a0\u00bb width_phone=\u00a0\u00bb100%\u00a0\u00bb width_last_edited=\u00a0\u00bbon|tablet\u00a0\u00bb module_alignment=\u00a0\u00bbcenter\u00a0\u00bb custom_padding=\u00a0\u00bb60px|3px|60px|3px|true|true\u00a0\u00bb custom_padding_tablet=\u00a0\u00bb|0px||0px|true|true\u00a0\u00bb custom_padding_phone=\u00a0\u00bb|0px||0px|true|true\u00a0\u00bb custom_padding_last_edited=\u00a0\u00bbon|tablet\u00a0\u00bb locked=\u00a0\u00bboff\u00a0\u00bb global_colors_info=\u00a0\u00bb{}\u00a0\u00bb]<\/p>\n<h3><span style=\"color: #000000;\">DATES ET LIEUX DES D\u00e9versements<\/span><\/h3>\n<p>&nbsp;<\/p>\n<p>Les d\u00e9versements seront effectu\u00e9s aux dates suivantes :<\/p>\n<p>&nbsp;<\/p>\n<p style=\"text-align: left;\">&#8211; Le samedi 28 f\u00e9vrier : l\u2019aval de Houffalize, les ruisseaux de Belle-Meuse, Chevral et Martin-Moulin (\u00b1 240 kg)\u00a0 \u00a0 \u00a0ainsi qu&rsquo;un second empoissonnement l&rsquo;apr\u00e8s-midi avec des truites de nos \u00e9tangs (\u00b1 120 kg).<\/p>\n<p style=\"text-align: left;\">\n<p style=\"text-align: left;\">&#8211; Le dimanche 1 mars : l\u2019amont de Houffalize et le ruisseau de Cowan (\u00b1 260 kg).<\/p>\n<p style=\"text-align: left;\">\n<p style=\"text-align: left;\">&#8211; Le vendredi 27 mars : l\u2019aval de Houffalize, les ruisseaux de Belle-Meuse, Chevral et Martin-Moulin (\u00b1 180kg).<\/p>\n<p style=\"text-align: left;\">\n<p style=\"text-align: left;\">&#8211; Le samedi 28 mars : l\u2019amont de Houffalize et le ruisseau de Cowan (\u00b1 210 kg) ainsi qu&rsquo;un second\u00a0 \u00a0 \u00a0 \u00a0 \u00a0 \u00a0 \u00a0 \u00a0 \u00a0 \u00a0 \u00a0 \u00a0 \u00a0 \u00a0 \u00a0 \u00a0 \u00a0 \u00a0empoissonnement l\u2019apr\u00e8s-midi avec des truites de nos \u00e9tangs (\u00b1 120 kg).<\/p>\n<p style=\"text-align: left;\">&#8211; Le vendredi 10 avril : l\u2019aval de Houffalize, les ruisseaux de Belle-Meuse, Chevral et Martin-Moulin\u00a0 (\u00b1 330 kg).<\/p>\n<p style=\"text-align: left;\">\n<p style=\"text-align: left;\">&#8211; Le samedi 11 avril : l\u2019amont de Houffalize et le ruisseau de Cowan (\u00b1 210 kg).<\/p>\n<p style=\"text-align: left;\">\n<p style=\"text-align: left;\">&#8211; Le vendredi 24 avril : l\u2019aval de Houffalize, les ruisseaux de Belle-Meuse, Chevral et Martin-Moulin (+\/- 160kg).<\/p>\n<p style=\"text-align: left;\">\n<p style=\"text-align: left;\">&#8211; Le samedi 25 avril : l\u2019amont de Houffalize et le ruisseau de Cowan (+\/- 210kg) ainsi qu&rsquo;un second\u00a0 \u00a0 \u00a0 \u00a0 \u00a0 \u00a0 \u00a0 \u00a0 \u00a0 \u00a0 \u00a0 \u00a0 \u00a0 \u00a0 \u00a0 \u00a0 \u00a0 \u00a0empoissonnement l\u2019apr\u00e8s-midi avec des truites de nos \u00e9tangs (+\/- 120kg).<\/p>\n<p style=\"text-align: left;\">\n<p style=\"text-align: left;\">&#8211; Le vendredi 22 mai : l\u2019aval de Houffalize, les ruisseaux de Belle-Meuse, Chevral et Martin-Moulin (+\/- 160kg).<\/p>\n<p style=\"text-align: left;\">\n<p style=\"text-align: left;\">&#8211; Le samedi 23 mai : l\u2019amont de Houffalize et le ruisseau de Cowan (+\/- 210kg) ainsi qu&rsquo;un second\u00a0 \u00a0 \u00a0 \u00a0 \u00a0 \u00a0 \u00a0 \u00a0 \u00a0 \u00a0 \u00a0 \u00a0 \u00a0 \u00a0 \u00a0 \u00a0 \u00a0 \u00a0empoissonnement l\u2019apr\u00e8s-midi avec des truites de nos \u00e9tangs (\u00b1 120kg).<\/p>\n<p style=\"text-align: left;\">\n<p style=\"text-align: left;\">&#8211; Le samedi 27 juin : l\u2019aval de Houffalize, les ruisseaux de Martin-Moulin, Belle-Meuse et Cowan par la vidange\u00a0 \u00a0 \u00a0finale de nos \u00e9tangs \u00a0(\u00b1 350 kg).\u00a0<\/p>\n<p style=\"text-align: left;\">\n<p style=\"text-align: left;\">&#8211; Le vendredi 28 ao\u00fbt : l\u2019aval de Houffalize, les ruisseaux de Martin-Moulin, Belle-Meuse et Cowan (+\/-230 kg).<\/p>\n<p style=\"text-align: left;\">\n<p style=\"text-align: left;\">\n<p><span style=\"color: #ec1c00;\">IL EST INTERDIT DE P\u00caCHER SUR TOUS LES PARCOURS LES JOURS\u00a0<\/span><\/p>\n<p><span style=\"color: #ec1c00;\">D\u2019EMPOISSONNEMENTS \u2013 SAUF EN NO-KILL SUR LE PARCOURS NO-KILL.<\/span><\/p>\n<p>&nbsp;<\/p>\n<p>[\/et_pb_text][\/et_pb_column][\/et_pb_row][\/et_pb_section]<\/p>\n","protected":false},"excerpt":{"rendered":"<p>Empoissonnements &nbsp;EMPOISSONNEMENTS 2026 La soci\u00e9t\u00e9 d\u00e9versera minimum 20.000 truites sur ses parcours de p\u00eache. Tous nos d\u00e9versements se feront en truites fario. Les quantit\u00e9s exactes d\u00e9pendront des r\u00e9sultats des soumissions au fonds piscicole et des r\u00e9sultats de la production de nos \u00e9tangs.Les t\u00eates de ruisseaux seront empoissonn\u00e9es uniquement en alevins et truitelles.Un lot de truitelles [&hellip;]<\/p>\n","protected":false},"author":1,"featured_media":0,"parent":0,"menu_order":0,"comment_status":"closed","ping_status":"closed","template":"","meta":{"_et_pb_use_builder":"on","_et_pb_old_content":"","_et_gb_content_width":"","footnotes":""},"class_list":["post-92","page","type-page","status-publish","hentry"],"_links":{"self":[{"href":"https:\/\/www.latruitehouffalize.be\/fr\/wp-json\/wp\/v2\/pages\/92","targetHints":{"allow":["GET"]}}],"collection":[{"href":"https:\/\/www.latruitehouffalize.be\/fr\/wp-json\/wp\/v2\/pages"}],"about":[{"href":"https:\/\/www.latruitehouffalize.be\/fr\/wp-json\/wp\/v2\/types\/page"}],"author":[{"embeddable":true,"href":"https:\/\/www.latruitehouffalize.be\/fr\/wp-json\/wp\/v2\/users\/1"}],"replies":[{"embeddable":true,"href":"https:\/\/www.latruitehouffalize.be\/fr\/wp-json\/wp\/v2\/comments?post=92"}],"version-history":[{"count":19,"href":"https:\/\/www.latruitehouffalize.be\/fr\/wp-json\/wp\/v2\/pages\/92\/revisions"}],"predecessor-version":[{"id":1010,"href":"https:\/\/www.latruitehouffalize.be\/fr\/wp-json\/wp\/v2\/pages\/92\/revisions\/1010"}],"wp:attachment":[{"href":"https:\/\/www.latruitehouffalize.be\/fr\/wp-json\/wp\/v2\/media?parent=92"}],"curies":[{"name":"wp","href":"https:\/\/api.w.org\/{rel}","templated":true}]}}