{"id":323,"date":"2021-12-09T01:22:23","date_gmt":"2021-12-09T01:22:23","guid":{"rendered":"https:\/\/www.latruitehouffalize.be\/home\/"},"modified":"2024-01-13T17:57:58","modified_gmt":"2024-01-13T16:57:58","slug":"home","status":"publish","type":"page","link":"https:\/\/www.latruitehouffalize.be\/nl\/","title":{"rendered":"Home"},"content":{"rendered":"<p>[et_pb_section fb_built=&#8221;1&#8243; custom_padding_last_edited=&#8221;on|phone&#8221; _builder_version=&#8221;4.16&#8243; _module_preset=&#8221;default&#8221; background_image=&#8221;https:\/\/www.latruitehouffalize.be\/wp-content\/uploads\/2021\/11\/loupefond-home.jpg&#8221; custom_padding=&#8221;198px||52px||false|&#8221; custom_padding_tablet=&#8221;75px||75px||false|false&#8221; custom_padding_phone=&#8221;50px||50px||false|false&#8221; global_colors_info=&#8221;{}&#8221;][et_pb_row column_structure=&#8221;1_3,2_3&#8243; _builder_version=&#8221;4.16&#8243; _module_preset=&#8221;default&#8221; global_colors_info=&#8221;{}&#8221;][et_pb_column type=&#8221;1_3&#8243; _builder_version=&#8221;4.16&#8243; _module_preset=&#8221;default&#8221; global_colors_info=&#8221;{}&#8221;][\/et_pb_column][et_pb_column type=&#8221;2_3&#8243; _builder_version=&#8221;4.16&#8243; _module_preset=&#8221;default&#8221; global_colors_info=&#8221;{}&#8221;][et_pb_text quote_border_color=&#8221;#FFFFFF&#8221; _builder_version=&#8221;4.16&#8243; _module_preset=&#8221;default&#8221; text_font=&#8221;|700|||||||&#8221; text_text_color=&#8221;#EC1C00&#8243; text_font_size=&#8221;15px&#8221; header_font=&#8221;|800|||||||&#8221; header_font_size=&#8221;90px&#8221; header_2_font_size=&#8221;37px&#8221; header_3_font_size=&#8221;23px&#8221; header_3_letter_spacing=&#8221;2px&#8221; header_3_line_height=&#8221;1.5em&#8221; width=&#8221;92.9%&#8221; width_tablet=&#8221;100%&#8221; width_phone=&#8221;100%&#8221; width_last_edited=&#8221;on|tablet&#8221; custom_margin=&#8221;|82px||||&#8221; custom_margin_tablet=&#8221;|0px|||false|false&#8221; custom_margin_phone=&#8221;|0px|||false|false&#8221; custom_margin_last_edited=&#8221;on|tablet&#8221; custom_padding=&#8221;6px|0px||||&#8221; header_font_size_tablet=&#8221;69px&#8221; header_font_size_phone=&#8221;37px&#8221; header_font_size_last_edited=&#8221;on|phone&#8221; inline_fonts=&#8221;Lato&#8221; global_colors_info=&#8221;{}&#8221;]<\/p>\n<h3 style=\"text-align: center;\"><span style=\"color: #ec1c00;\">WELKOM OP DE WEBSITE<\/span><\/h3>\n<h1 style=\"text-align: center;\"><span style=\"color: #ffffff;\">LA TRUITE<\/span><br \/><span style=\"font-weight: 300; color: #ffffff;\">HOUFFALIZE<\/span><\/h1>\n<h2 style=\"text-align: center;\"><span style=\"color: #ffffff;\">ASBL<\/span><\/h2>\n<p>&nbsp;<\/p>\n<p>[\/et_pb_text][\/et_pb_column][\/et_pb_row][\/et_pb_section][et_pb_section fb_built=&#8221;1&#8243; _builder_version=&#8221;4.16&#8243; _module_preset=&#8221;default&#8221; custom_padding=&#8221;0px||0px|||&#8221; global_colors_info=&#8221;{}&#8221;][\/et_pb_section][et_pb_section fb_built=&#8221;1&#8243; _builder_version=&#8221;4.16&#8243; _module_preset=&#8221;default&#8221; custom_padding=&#8221;0px||0px|||&#8221; global_colors_info=&#8221;{}&#8221;][et_pb_row _builder_version=&#8221;4.16&#8243; _module_preset=&#8221;default&#8221; background_color=&#8221;#EC1C00&#8243; width=&#8221;100%&#8221; max_width=&#8221;100%&#8221; min_height=&#8221;308px&#8221; custom_margin=&#8221;-1px|auto|-2px|auto|false|false&#8221; custom_padding=&#8221;6px||6px||true|false&#8221; global_colors_info=&#8221;{}&#8221;][et_pb_column type=&#8221;4_4&#8243; _builder_version=&#8221;4.16&#8243; _module_preset=&#8221;default&#8221; global_colors_info=&#8221;{}&#8221;][et_pb_blurb title=&#8221;REGELGEVING &#038; SANCTIES&#8221; image=&#8221;https:\/\/www.latruitehouffalize.be\/wp-content\/uploads\/2021\/11\/loupe-logo-reglement.png&#8221; _builder_version=&#8221;4.16&#8243; _module_preset=&#8221;default&#8221; header_font=&#8221;|||on|||||&#8221; header_text_align=&#8221;center&#8221; header_text_color=&#8221;#FFFFFF&#8221; header_font_size=&#8221;23px&#8221; header_letter_spacing=&#8221;4px&#8221; background_color=&#8221;#EC1C00&#8243; text_orientation=&#8221;center&#8221; background_layout=&#8221;dark&#8221; min_height=&#8221;171px&#8221; custom_margin=&#8221;||1px|||&#8221; custom_padding=&#8221;46px||19px||false|&#8221; global_colors_info=&#8221;{}&#8221;][\/et_pb_blurb][\/et_pb_column][\/et_pb_row][et_pb_row column_structure=&#8221;1_2,1_2&#8243; _builder_version=&#8221;4.16&#8243; _module_preset=&#8221;default&#8221; background_color=&#8221;#f2f2f2&#8243; width=&#8221;100%&#8221; max_width=&#8221;100%&#8221; module_alignment=&#8221;center&#8221; min_height=&#8221;523.3px&#8221; custom_margin=&#8221;0px|auto||auto|false|false&#8221; custom_padding=&#8221;0px||0px|||&#8221; global_colors_info=&#8221;{}&#8221;][et_pb_column type=&#8221;1_2&#8243; _builder_version=&#8221;4.16&#8243; _module_preset=&#8221;default&#8221; global_colors_info=&#8221;{}&#8221;][et_pb_image src=&#8221;https:\/\/www.latruitehouffalize.be\/wp-content\/uploads\/2021\/11\/loupe-poisson.jpg&#8221; title_text=&#8221;loupe-poisson&#8221; _builder_version=&#8221;4.16&#8243; _module_preset=&#8221;default&#8221; min_height=&#8221;243.1px&#8221; custom_margin=&#8221;|-53px||||&#8221; global_colors_info=&#8221;{}&#8221;][\/et_pb_image][\/et_pb_column][et_pb_column type=&#8221;1_2&#8243; _builder_version=&#8221;4.16&#8243; _module_preset=&#8221;default&#8221; global_colors_info=&#8221;{}&#8221;][et_pb_text _builder_version=&#8221;4.16&#8243; _module_preset=&#8221;default&#8221; text_font=&#8221;|600||on|||||&#8221; header_3_font=&#8221;|800|||||||&#8221; header_4_text_color=&#8221;#EC1C24&#8243; header_4_font_size=&#8221;23px&#8221; header_4_letter_spacing=&#8221;2px&#8221; header_5_font=&#8221;|800|||||||&#8221; header_5_text_color=&#8221;#005852&#8243; header_5_font_size=&#8221;22px&#8221; text_orientation=&#8221;center&#8221; width=&#8221;50%&#8221; width_tablet=&#8221;100%&#8221; width_phone=&#8221;100%&#8221; width_last_edited=&#8221;on|phone&#8221; custom_padding=&#8221;92px||||false|false&#8221; global_colors_info=&#8221;{}&#8221;]<\/p>\n<h4>VISVERGUNNINGEN EN VISBOEKJES<\/h4>\n<div style=\"width: 15px; height: 1px; margin: 7px auto 20px auto; background: black;\"><\/div>\n<h5><\/h5>\n<p>hOEVEEL KOST DE VERGUNNING<br \/>EN WAR TE BESTELEN<\/p>\n<p>WAAR TE ZOEKEN<\/p>\n<p>wAT ZIJN DE BEPERKINGEN<\/p>\n<p>hOE TE GEBRUIKEN<br \/>&#8230;<\/p>\n<p>[\/et_pb_text][et_pb_button button_url=&#8221;@ET-DC@eyJkeW5hbWljIjp0cnVlLCJjb250ZW50IjoicG9zdF9saW5rX3VybF9wYWdlIiwic2V0dGluZ3MiOnsicG9zdF9pZCI6IjExNiJ9fQ==@&#8221; button_text=&#8221;\u00bb&#8221; button_alignment=&#8221;center&#8221; _builder_version=&#8221;4.16&#8243; _dynamic_attributes=&#8221;button_url&#8221; _module_preset=&#8221;default&#8221; custom_button=&#8221;on&#8221; button_text_size=&#8221;30px&#8221; button_text_color=&#8221;#FFFFFF&#8221; button_bg_color=&#8221;#005852&#8243; button_border_width=&#8221;0px&#8221; button_border_radius=&#8221;39px&#8221; button_use_icon=&#8221;off&#8221; background_layout=&#8221;dark&#8221; custom_margin=&#8221;||27px||false|false&#8221; custom_padding=&#8221;0px|18px|0px|18px|false|true&#8221; custom_css_main_element=&#8221;position:absolute;||left:23%;&#8221; global_colors_info=&#8221;{}&#8221; custom_css_main_element_last_edited=&#8221;on|desktop&#8221; custom_css_main_element_tablet=&#8221;transform: inherit;&#8221; custom_css_main_element_phone=&#8221;transform: inherit;&#8221;][\/et_pb_button][\/et_pb_column][\/et_pb_row][et_pb_row use_custom_gutter=&#8221;on&#8221; gutter_width=&#8221;1&#8243; _builder_version=&#8221;4.16&#8243; _module_preset=&#8221;default&#8221; max_width=&#8221;100%&#8221; custom_padding=&#8221;0px||0px|||&#8221; global_colors_info=&#8221;{}&#8221;][et_pb_column type=&#8221;4_4&#8243; admin_label=&#8221;Colonne&#8221; _builder_version=&#8221;4.16&#8243; _module_preset=&#8221;default&#8221; custom_css_main_element=&#8221;display: grid;||grid-template-columns: repeat(2, 1.5fr) repeat(2, 1fr);||grid-template-rows: 1.5fr 1fr;||grid-column-gap: 0px;||grid-row-gap: 0px;||&#8221; global_colors_info=&#8221;{}&#8221; custom_css_main_element_last_edited=&#8221;on|tablet&#8221; custom_css_main_element_tablet=&#8221;display:block;&#8221; custom_css_main_element_phone=&#8221;display:block;&#8221;][et_pb_blurb title=&#8221;AGENDA &#038; NEWS&#8221; url=&#8221;@ET-DC@eyJkeW5hbWljIjp0cnVlLCJjb250ZW50IjoicG9zdF9saW5rX3VybF9wYWdlIiwic2V0dGluZ3MiOnsicG9zdF9pZCI6IjEyNCJ9fQ==@&#8221; image=&#8221;https:\/\/www.latruitehouffalize.be\/wp-content\/uploads\/2021\/11\/loupe-megaphone_1.png&#8221; _builder_version=&#8221;4.16&#8243; _dynamic_attributes=&#8221;url&#8221; _module_preset=&#8221;default&#8221; header_font=&#8221;|800|||||||&#8221; header_text_align=&#8221;center&#8221; header_text_color=&#8221;#FFFFFF&#8221; header_font_size=&#8221;68px&#8221; background_image=&#8221;https:\/\/www.latruitehouffalize.be\/wp-content\/uploads\/2021\/11\/loupe-agenda-news.jpg&#8221; custom_padding=&#8221;50px||50px||false|false&#8221; header_font_size_tablet=&#8221;72px&#8221; header_font_size_phone=&#8221;39px&#8221; header_font_size_last_edited=&#8221;on|tablet&#8221; custom_css_main_element=&#8221;grid-area: 1 \/ 3 \/ 2 \/ 5;&#8221; global_colors_info=&#8221;{}&#8221;]<\/p>\n<div style=\"margin: auto; background-color: white; height: 4px; width: 80px;\"><\/div>\n<p>[\/et_pb_blurb][et_pb_text admin_label=&#8221;Texte&#8221; _builder_version=&#8221;4.16&#8243; _dynamic_attributes=&#8221;link_option_url&#8221; _module_preset=&#8221;default&#8221; text_font=&#8221;|800|||||||&#8221; text_text_color=&#8221;#FFFFFF&#8221; text_font_size=&#8221;17px&#8221; header_font=&#8221;|||on|||||&#8221; header_text_color=&#8221;#005852&#8243; background_color=&#8221;#8300E9&#8243; background_image=&#8221;https:\/\/www.latruitehouffalize.be\/wp-content\/uploads\/2021\/11\/loupeecrevisse.jpg&#8221; text_orientation=&#8221;center&#8221; custom_margin=&#8221;0%||0%||false|false&#8221; custom_padding=&#8221;25%|0%||0%|false|true&#8221; custom_padding_tablet=&#8221;21%||21%||true|true&#8221; custom_padding_phone=&#8221;21%||21%||true|true&#8221; custom_padding_last_edited=&#8221;on|phone&#8221; link_option_url=&#8221;@ET-DC@eyJkeW5hbWljIjp0cnVlLCJjb250ZW50IjoicG9zdF9saW5rX3VybF9wYWdlIiwic2V0dGluZ3MiOnsicG9zdF9pZCI6IjE2MiJ9fQ==@&#8221; text_font_size_tablet=&#8221;15px&#8221; text_font_size_phone=&#8221;15px&#8221; text_font_size_last_edited=&#8221;on|tablet&#8221; custom_css_main_element=&#8221;grid-area: 2 \/ 3 \/ 3 \/ 4; &#8221; global_colors_info=&#8221;{}&#8221;]<\/p>\n<div style=\"background-color: white; width: 125px; padding: 14px 5px; margin: auto; border-radius: 16px;\"><span style=\"color: #ec1c00;\">RIVIERKREEFTEN<\/span><\/div>\n<p>[\/et_pb_text][et_pb_blurb title=&#8221;M\u00e9t\u00e9o&#8221; image=&#8221;https:\/\/www.latruitehouffalize.be\/wp-content\/uploads\/2021\/11\/loupenuage-logo.png&#8221; _builder_version=&#8221;4.16&#8243; _module_preset=&#8221;default&#8221; header_font=&#8221;|800||on|||||&#8221; header_text_align=&#8221;center&#8221; header_text_color=&#8221;#FFFFFF&#8221; header_font_size=&#8221;53px&#8221; background_image=&#8221;https:\/\/www.latruitehouffalize.be\/wp-content\/uploads\/2021\/11\/nuage.jpg&#8221; custom_padding=&#8221;28px||||false|false&#8221; custom_padding_tablet=&#8221;45px||45px||true|false&#8221; custom_padding_phone=&#8221;28px||28px||true|false&#8221; custom_padding_last_edited=&#8221;on|desktop&#8221; link_option_url=&#8221;https:\/\/www.meteo.be\/nl\/houffalize&#8221; header_font_size_tablet=&#8221;25px&#8221; header_font_size_phone=&#8221;25px&#8221; header_font_size_last_edited=&#8221;on|tablet&#8221; custom_css_main_element=&#8221;grid-area: 2 \/ 4 \/ 3 \/ 5;&#8221; global_colors_info=&#8221;{}&#8221;][\/et_pb_blurb][\/et_pb_column][\/et_pb_row][\/et_pb_section][et_pb_section fb_built=&#8221;1&#8243; _builder_version=&#8221;4.16&#8243; _module_preset=&#8221;default&#8221; min_height=&#8221;27px&#8221; custom_padding=&#8221;0px||0px|||&#8221; global_colors_info=&#8221;{}&#8221;][\/et_pb_section][et_pb_section fb_built=&#8221;1&#8243; _builder_version=&#8221;4.16&#8243; _module_preset=&#8221;default&#8221; min_height=&#8221;113px&#8221; link_option_url=&#8221;De knowhow van de perfecte visser in de uitoefening van zijn sport &#8230; NALEVING VAN REGELS EN INTERIDCTIES IS VERPLICHT!&#8221; global_colors_info=&#8221;{}&#8221;][\/et_pb_section][et_pb_section fb_built=&#8221;1&#8243; _builder_version=&#8221;4.16&#8243; _module_preset=&#8221;default&#8221; overflow-x=&#8221;hidden&#8221; overflow-y=&#8221;hidden&#8221; custom_padding=&#8221;0px|||||&#8221; global_colors_info=&#8221;{}&#8221;][et_pb_row _builder_version=&#8221;4.16&#8243; _module_preset=&#8221;default&#8221; global_colors_info=&#8221;{}&#8221;][et_pb_column type=&#8221;4_4&#8243; _builder_version=&#8221;4.16&#8243; _module_preset=&#8221;default&#8221; global_colors_info=&#8221;{}&#8221;][et_pb_text _builder_version=&#8221;4.16&#8243; _module_preset=&#8221;default&#8221; text_font=&#8221;||||||||&#8221; text_text_color=&#8221;#000000&#8243; header_3_font=&#8221;|800|||||||&#8221; header_4_text_color=&#8221;#008078&#8243; header_4_font_size=&#8221;23px&#8221; header_4_letter_spacing=&#8221;2px&#8221; header_5_font=&#8221;|600||on|||||&#8221; header_5_text_color=&#8221;#000000&#8243; header_5_font_size=&#8221;14px&#8221; text_orientation=&#8221;center&#8221; width=&#8221;58%&#8221; width_tablet=&#8221;100%&#8221; width_phone=&#8221;100%&#8221; width_last_edited=&#8221;on|desktop&#8221; module_alignment=&#8221;center&#8221; custom_padding=&#8221;0px||||false|false&#8221; locked=&#8221;off&#8221; global_colors_info=&#8221;{}&#8221;]<\/p>\n<h4>PARCOURS<\/h4>\n<div style=\"width: 15px; height: 1px; margin: 7px auto 20px auto; background: #008078;\"><\/div>\n<h5>Le territoire de p\u00eache sera signal\u00e9 par des \u00e9criteaux \u00ab\u2009LA TRUITE HOUFFALIZE\u2009\u00bb.<\/h5>\n<p>&nbsp;<\/p>\n<p>Les parcours de l\u2019Association s\u2019\u00e9tendent sur l\u2019Ourthe Orientale de l\u2019amont du pont de Brisy au parcours du Barrage de Nisramont, sur les ruisseaux de Belle-Meuse, du Chevral, de Minc\u00e9e, du Martin-Moulin, de Cowan et de Sommerain&#8230;[\/et_pb_text][et_pb_button button_url=&#8221;@ET-DC@eyJkeW5hbWljIjp0cnVlLCJjb250ZW50IjoicG9zdF9saW5rX3VybF9wYWdlIiwic2V0dGluZ3MiOnsicG9zdF9pZCI6IjgzIn19@&#8221; button_text=&#8221;\u00bb&#8221; button_alignment=&#8221;center&#8221; _builder_version=&#8221;4.16&#8243; _dynamic_attributes=&#8221;button_url&#8221; _module_preset=&#8221;default&#8221; custom_button=&#8221;on&#8221; button_text_size=&#8221;30px&#8221; button_text_color=&#8221;#FFFFFF&#8221; button_bg_color=&#8221;#EC1C24&#8243; button_border_width=&#8221;0px&#8221; button_border_radius=&#8221;39px&#8221; button_use_icon=&#8221;off&#8221; background_layout=&#8221;dark&#8221; custom_margin=&#8221;||27px||false|false&#8221; custom_padding=&#8221;0px|18px|0px|18px|false|true&#8221; locked=&#8221;off&#8221; global_colors_info=&#8221;{}&#8221; custom_css_main_element_last_edited=&#8221;on|tablet&#8221; custom_css_main_element_tablet=&#8221;transform: inherit;&#8221; custom_css_main_element_phone=&#8221;transform: inherit;&#8221;][\/et_pb_button][et_pb_image src=&#8221;https:\/\/www.latruitehouffalize.be\/wp-content\/uploads\/2021\/11\/loupe-guet.jpg&#8221; title_text=&#8221;loupe-gu\u00eat&#8221; _builder_version=&#8221;4.16&#8243; _module_preset=&#8221;default&#8221; positioning=&#8221;absolute&#8221; position_origin_a=&#8221;bottom_right&#8221; vertical_offset=&#8221;-267px&#8221; horizontal_offset=&#8221;-636px&#8221; z_index=&#8221;-1&#8243; vertical_offset_tablet=&#8221;-300px&#8221; vertical_offset_phone=&#8221;-160px&#8221; vertical_offset_last_edited=&#8221;on|tablet&#8221; horizontal_offset_tablet=&#8221;0px&#8221; horizontal_offset_phone=&#8221;-140px&#8221; horizontal_offset_last_edited=&#8221;on|tablet&#8221; width=&#8221;100%&#8221; global_colors_info=&#8221;{}&#8221;][\/et_pb_image][\/et_pb_column][\/et_pb_row][\/et_pb_section]<\/p>\n","protected":false},"excerpt":{"rendered":"<p>WELKOM OP DE WEBSITE LA TRUITEHOUFFALIZE ASBL &nbsp;VISVERGUNNINGEN EN VISBOEKJES hOEVEEL KOST DE VERGUNNINGEN WAR TE BESTELEN WAAR TE ZOEKEN wAT ZIJN DE BEPERKINGEN hOE TE GEBRUIKEN&#8230;RIVIERKREEFTENPARCOURS Le territoire de p\u00eache sera signal\u00e9 par des \u00e9criteaux \u00ab\u2009LA TRUITE HOUFFALIZE\u2009\u00bb. &nbsp; Les parcours de l\u2019Association s\u2019\u00e9tendent sur l\u2019Ourthe Orientale de l\u2019amont du pont de Brisy au [&hellip;]<\/p>\n","protected":false},"author":1,"featured_media":0,"parent":0,"menu_order":0,"comment_status":"closed","ping_status":"closed","template":"","meta":{"_et_pb_use_builder":"on","_et_pb_old_content":"","_et_gb_content_width":"","footnotes":""},"class_list":["post-323","page","type-page","status-publish","hentry"],"_links":{"self":[{"href":"https:\/\/www.latruitehouffalize.be\/nl\/wp-json\/wp\/v2\/pages\/323","targetHints":{"allow":["GET"]}}],"collection":[{"href":"https:\/\/www.latruitehouffalize.be\/nl\/wp-json\/wp\/v2\/pages"}],"about":[{"href":"https:\/\/www.latruitehouffalize.be\/nl\/wp-json\/wp\/v2\/types\/page"}],"author":[{"embeddable":true,"href":"https:\/\/www.latruitehouffalize.be\/nl\/wp-json\/wp\/v2\/users\/1"}],"replies":[{"embeddable":true,"href":"https:\/\/www.latruitehouffalize.be\/nl\/wp-json\/wp\/v2\/comments?post=323"}],"version-history":[{"count":58,"href":"https:\/\/www.latruitehouffalize.be\/nl\/wp-json\/wp\/v2\/pages\/323\/revisions"}],"predecessor-version":[{"id":925,"href":"https:\/\/www.latruitehouffalize.be\/nl\/wp-json\/wp\/v2\/pages\/323\/revisions\/925"}],"wp:attachment":[{"href":"https:\/\/www.latruitehouffalize.be\/nl\/wp-json\/wp\/v2\/media?parent=323"}],"curies":[{"name":"wp","href":"https:\/\/api.w.org\/{rel}","templated":true}]}}